{"id":8604,"date":"2015-11-17T09:01:42","date_gmt":"2015-11-17T08:01:42","guid":{"rendered":"http:\/\/zsswierzowa.pl\/?page_id=8604"},"modified":"2024-09-25T12:01:36","modified_gmt":"2024-09-25T10:01:36","slug":"rejestr-umow","status":"publish","type":"page","link":"https:\/\/zsswierzowa.pl\/?page_id=8604","title":{"rendered":"Rejestr um\u00f3w"},"content":{"rendered":"<p align=\"center\"><b>REJESTR UM\u00d3W<br \/>\n<\/b><\/p>\n<p align=\"center\"><b>&nbsp;<\/b><\/p>\n<table style=\"height: 747px; width: 762.183px;\">\n<tbody>\n<tr>\n<td style=\"width: 38px;\"><strong>Lp.<\/strong><\/td>\n<td style=\"width: 60px;\"><strong>Nr umowy<\/strong><\/td>\n<td style=\"width: 115px;\"><strong>Data zawarcia umowy<\/strong><\/td>\n<td style=\"width: 143px;\"><strong>Przedmiot umowy<\/strong><\/td>\n<td style=\"width: 103px;\"><strong>Termin realizacji umowy<\/strong><\/td>\n<td style=\"width: 156px;\"><strong>Strony umowy<\/strong><\/td>\n<td style=\"width: 97.1833px;\"><strong>Warto\u015b\u0107 umowy<\/strong><\/td>\n<\/tr>\n<tr>\n<td style=\"width: 38px;\">1<\/td>\n<td style=\"width: 60px;\">&nbsp;1\/2015<\/td>\n<td style=\"width: 115px;\">13.11.2015 r.<\/td>\n<td style=\"width: 143px;\">&nbsp;przegl\u0105d stanu technicznego wewn\u0119trznych instalacji gazowych<\/td>\n<td style=\"width: 103px;\">13.11.2015 r.<\/td>\n<td style=\"width: 156px;\">Zak\u0142ad Instalacji Wod-Kan-Gaz<br \/>\nJerzy G\u0142owa<br \/>\n38-400 Krosno<br \/>\nul. Mickiewicza 29\/10<\/td>\n<td style=\"width: 97.1833px;\">400,00 z\u0142.<\/td>\n<\/tr>\n<tr>\n<td style=\"width: 38px;\">2<\/td>\n<td style=\"width: 60px;\">2\/2015<\/td>\n<td style=\"width: 115px;\">16.11.2015 r.<\/td>\n<td style=\"width: 143px;\">przegl\u0105d stanu technicznego przewod\u00f3w kominowych spalinowych i wentylacyjnych<\/td>\n<td style=\"width: 103px;\">16.11.2015 r.<\/td>\n<td style=\"width: 156px;\">Terenowy Zak\u0142ad Kominiarski<br \/>\nMariusz Krzywda<br \/>\n38-400 Krosno<br \/>\nul. Lewakowskiego 25<\/td>\n<td style=\"width: 97.1833px;\">344,40 z\u0142.<\/td>\n<\/tr>\n<tr>\n<td style=\"width: 38px;\">&nbsp;3<\/td>\n<td style=\"width: 60px;\">4\/2015<\/td>\n<td style=\"width: 115px;\">&nbsp;30.11.2015 r.<\/td>\n<td style=\"width: 143px;\">&nbsp;przegl\u0105d techniczny ga\u015bnic i hydrant\u00f3w<\/td>\n<td style=\"width: 103px;\">&nbsp;30.11.2015 r.<\/td>\n<td style=\"width: 156px;\">&nbsp;Z.U.P. Florian in\u017c. po\u017c Jan Martynkiewicz&nbsp;&nbsp;&nbsp;&nbsp;&nbsp;&nbsp;&nbsp;&nbsp;&nbsp; ul. Czajkowskiego 55, 38\/400 Krosno<\/td>\n<td style=\"width: 97.1833px;\">&nbsp;397,29 z\u0142.<\/td>\n<\/tr>\n<tr>\n<td style=\"width: 38px;\">&nbsp;4<\/td>\n<td style=\"width: 60px;\">&nbsp;3\/2015<\/td>\n<td style=\"width: 115px;\">&nbsp;01.12.2015 r.<\/td>\n<td style=\"width: 143px;\">&nbsp;wymiana kot\u0142\u00f3w centralnego ogrzewania w kot\u0142owni Zespo\u0142u Szk\u00f3\u0142 w \u015awierzowej Polskiej<\/td>\n<td style=\"width: 103px;\">&nbsp;01.12.2015 r. &#8211; 10.12.2015 r.<\/td>\n<td style=\"width: 156px;\">&nbsp;Us\u0142ugi Wod-Kan, C.O. i Us\u0142ugi Spawalnicze D.Jaracz \u015awierzowa Polska,&nbsp;&nbsp;&nbsp;&nbsp;&nbsp; ul. Sk\u0142adowa 3 38-457 Zr\u0119cin<\/td>\n<td style=\"width: 97.1833px;\">&nbsp;66 998,99 z\u0142.<\/td>\n<\/tr>\n<tr>\n<td style=\"width: 38px;\">&nbsp;5<\/td>\n<td style=\"width: 60px;\">1\/2016<\/td>\n<td style=\"width: 115px;\">19.09.2016 r.<\/td>\n<td style=\"width: 143px;\">&nbsp;modernizacja systemu monitoringu budynku Zespo\u0142u Szk\u00f3\u0142 w \u015awierzowej Polskiej<\/td>\n<td style=\"width: 103px;\">&nbsp;19.09.2016 r. &#8211; 22.09.2016 r.<\/td>\n<td style=\"width: 156px;\">&nbsp;Firma Us\u0142ugowo &#8211; Handlowa GRYPH Krzysztof Gazda Czarnorzeki 46 E, 38-420 Korczyna<\/td>\n<td style=\"width: 97.1833px;\">&nbsp;1 106,00 z\u0142.<\/td>\n<\/tr>\n<tr>\n<td style=\"width: 38px;\">&nbsp;6<\/td>\n<td style=\"width: 60px;\">2\/2016<\/td>\n<td style=\"width: 115px;\">12.10.2016 r.<\/td>\n<td style=\"width: 143px;\">szkolenie dla dyrektora<\/td>\n<td style=\"width: 103px;\">&nbsp;18.11.2016 r.<\/td>\n<td style=\"width: 156px;\">&nbsp;Szymon Trzem\u017calski &#8211;&nbsp; &#8222;Wektor&#8221;&nbsp;&nbsp;&nbsp;&nbsp;&nbsp;&nbsp;&nbsp;&nbsp;&nbsp;&nbsp;&nbsp;&nbsp;&nbsp;&nbsp;&nbsp;&nbsp; ul. Lawendowa 1 35-605 Rzesz\u00f3w<\/td>\n<td style=\"width: 97.1833px;\">&nbsp;100,00 z\u0142.<\/td>\n<\/tr>\n<tr>\n<td style=\"width: 38px;\">&nbsp;7<\/td>\n<td style=\"width: 60px;\">3\/2016<\/td>\n<td style=\"width: 115px;\">&nbsp;08.11.2016 r.<\/td>\n<td style=\"width: 143px;\">przegl\u0105d stanu technicznego wewn\u0119trznych instalacji gazowych<\/td>\n<td style=\"width: 103px;\">&nbsp;08.11.2016 r.<\/td>\n<td style=\"width: 156px;\">&nbsp;Zak\u0142ad Instalacji Wod-Kan-Gaz<br \/>\nJerzy G\u0142owa<br \/>\n38-400 Krosno<br \/>\nul. Mickiewicza 29\/10<\/td>\n<td style=\"width: 97.1833px;\">&nbsp;400,00 z\u0142.<\/td>\n<\/tr>\n<tr>\n<td style=\"width: 38px;\">8<\/td>\n<td style=\"width: 60px;\">4\/2016<\/td>\n<td style=\"width: 115px;\">09.11.2016 r.<\/td>\n<td style=\"width: 143px;\">przegl\u0105d stanu technicznego przewod\u00f3w kominowych spalinowych i wentylacyjnych<\/td>\n<td style=\"width: 103px;\">09.11.2016 r.<\/td>\n<td style=\"width: 156px;\">Terenowy Zak\u0142ad Kominiarski<br \/>\nMariusz Krzywda<br \/>\n38-400 Krosno<br \/>\nul. Lewakowskiego 25<\/td>\n<td style=\"width: 97.1833px;\">344,40 z\u0142.<\/td>\n<\/tr>\n<tr>\n<td style=\"width: 38px;\">9<\/td>\n<td style=\"width: 60px;\">5\/2016<\/td>\n<td style=\"width: 115px;\">14.11.2016 r.<\/td>\n<td style=\"width: 143px;\">przegl\u0105d techniczny ga\u015bnic i hydrant\u00f3w<\/td>\n<td style=\"width: 103px;\">14.11.2016 r.<\/td>\n<td style=\"width: 156px;\">Z.U.P. Florian in\u017c. po\u017c Jan Martynkiewicz&nbsp;&nbsp;&nbsp;&nbsp;&nbsp;&nbsp;&nbsp;&nbsp;&nbsp; ul. Czajkowskiego 55, 38\/400 Krosno<\/p>\n<p>&nbsp;<\/td>\n<td style=\"width: 97.1833px;\">250,92 z\u0142<\/td>\n<\/tr>\n<tr>\n<td style=\"width: 38px;\">10<\/td>\n<td style=\"width: 60px;\">1\/2017<\/td>\n<td style=\"width: 115px;\">08.11.2017<\/td>\n<td style=\"width: 143px;\">przegl\u0105d stanu technicznego przewod\u00f3w kominowych spalinowych i wentylacyjnych<\/td>\n<td style=\"width: 103px;\">08.11.2017<\/td>\n<td style=\"width: 156px;\">Terenowy Zak\u0142ad Kominiarski<br \/>\nMariusz Krzywda<br \/>\n38-400 Krosno<br \/>\nul. Lewakowskiego 25<\/td>\n<td style=\"width: 97.1833px;\">344,40<\/td>\n<\/tr>\n<tr>\n<td style=\"width: 38px;\">11<\/td>\n<td style=\"width: 60px;\">2\/2017<\/td>\n<td style=\"width: 115px;\">09.11.2017<\/td>\n<td style=\"width: 143px;\">przegl\u0105d stanu technicznego wewn\u0119trznych instalacji gazowych<\/td>\n<td style=\"width: 103px;\">09.11.2017<\/td>\n<td style=\"width: 156px;\">Zak\u0142ad Instalacji Wod-Kan-Gaz<br \/>\nJerzy G\u0142owa<br \/>\n38-400 Krosno<br \/>\nul. Mickiewicza 29\/10<\/td>\n<td style=\"width: 97.1833px;\">400,00<\/td>\n<\/tr>\n<tr>\n<td style=\"width: 38px;\">12<\/td>\n<td style=\"width: 60px;\">3\/2017<\/td>\n<td style=\"width: 115px;\">14.11.2017<\/td>\n<td style=\"width: 143px;\">przegl\u0105d techniczny ga\u015bnic i hydrant\u00f3w<\/td>\n<td style=\"width: 103px;\">14.11.2017<\/td>\n<td style=\"width: 156px;\">Z.U.P. Florian in\u017c. po\u017c Jan Martynkiewicz&nbsp;&nbsp;&nbsp;&nbsp;&nbsp;&nbsp;&nbsp;&nbsp;&nbsp; ul. Czajkowskiego 55, 38\/400 Krosno<\/td>\n<td style=\"width: 97.1833px;\">250,92<\/td>\n<\/tr>\n<tr>\n<td style=\"width: 38px;\">13<\/td>\n<td style=\"width: 60px;\">1\/2018<\/td>\n<td style=\"width: 115px;\">24.05.2018<\/td>\n<td style=\"width: 143px;\">przegl\u0105d okresowy budynku 5 letni<\/td>\n<td style=\"width: 103px;\">24.05.2018<\/td>\n<td style=\"width: 156px;\">EMJOT Pawe\u0142 Jakie\u0142a, 38-462 Kobylany 118<\/td>\n<td style=\"width: 97.1833px;\">700,01<\/td>\n<\/tr>\n<tr>\n<td style=\"width: 38px;\">14<\/td>\n<td style=\"width: 60px;\">2\/2018<\/td>\n<td style=\"width: 115px;\">14.11.2018<\/td>\n<td style=\"width: 143px;\">przegl\u0105d stanu technicznego przewod\u00f3w kominowych spalinowych i wentylacyjnych<\/td>\n<td style=\"width: 103px;\">14.11.2018<\/td>\n<td style=\"width: 156px;\">Terenowy Zak\u0142ad Kominiarski<br \/>\nMariusz Krzywda<br \/>\n38-400 Krosno<br \/>\nul. Lewakowskiego 25<\/td>\n<td style=\"width: 97.1833px;\">344,40<\/td>\n<\/tr>\n<tr>\n<td style=\"width: 38px;\">15<\/td>\n<td style=\"width: 60px;\">3\/2018<\/td>\n<td style=\"width: 115px;\">14.11.2018<\/td>\n<td style=\"width: 143px;\">przegl\u0105d stanu technicznego wewn\u0119trznych instalacji gazowych<\/td>\n<td style=\"width: 103px;\">14.11.2018<\/td>\n<td style=\"width: 156px;\">Zak\u0142ad Instalacji Wod-Kan-Gaz<br \/>\nJerzy G\u0142owa<br \/>\n38-400 Krosno<br \/>\nul. Mickiewicza 29\/10<\/td>\n<td style=\"width: 97.1833px;\">400,00<\/td>\n<\/tr>\n<tr>\n<td style=\"width: 38px;\">16<\/td>\n<td style=\"width: 60px;\">4\/2018<\/td>\n<td style=\"width: 115px;\">27.11.2018<\/td>\n<td style=\"width: 143px;\">sprawdzenie stanu technicznego kot\u0142\u00f3w C.O. MCA 65 KW<\/td>\n<td style=\"width: 103px;\">27.11.2018<\/td>\n<td style=\"width: 156px;\">HYDRO &#8211; BEL Ireneusz Belczyk \u015awierzowa Polska ul. Kro\u015bnie\u0144ska 38 D, 38-457 Zr\u0119cin<\/td>\n<td style=\"width: 97.1833px;\">750,00<\/td>\n<\/tr>\n<\/tbody>\n<\/table>\n<p><strong>&nbsp;<\/strong><\/p>\n<p align=\"center\"><b>&nbsp;<\/b><\/p>\n","protected":false},"excerpt":{"rendered":"<p>REJESTR UM\u00d3W &nbsp; Lp. Nr umowy Data zawarcia umowy Przedmiot umowy Termin realizacji umowy Strony umowy Warto\u015b\u0107 umowy 1 &nbsp;1\/2015 13.11.2015 r. &nbsp;przegl\u0105d stanu technicznego wewn\u0119trznych instalacji gazowych 13.11.2015 r. Zak\u0142ad Instalacji Wod-Kan-Gaz Jerzy G\u0142owa 38-400 Krosno ul. Mickiewicza 29\/10 400,00 z\u0142. 2 2\/2015 16.11.2015 r. przegl\u0105d stanu technicznego przewod\u00f3w kominowych spalinowych i wentylacyjnych 16.11.2015 [&hellip;]<\/p>\n","protected":false},"author":2,"featured_media":0,"parent":0,"menu_order":0,"comment_status":"open","ping_status":"open","template":"","meta":{"ngg_post_thumbnail":0,"footnotes":""},"class_list":["post-8604","page","type-page","status-publish","hentry"],"_links":{"self":[{"href":"https:\/\/zsswierzowa.pl\/index.php?rest_route=\/wp\/v2\/pages\/8604","targetHints":{"allow":["GET"]}}],"collection":[{"href":"https:\/\/zsswierzowa.pl\/index.php?rest_route=\/wp\/v2\/pages"}],"about":[{"href":"https:\/\/zsswierzowa.pl\/index.php?rest_route=\/wp\/v2\/types\/page"}],"author":[{"embeddable":true,"href":"https:\/\/zsswierzowa.pl\/index.php?rest_route=\/wp\/v2\/users\/2"}],"replies":[{"embeddable":true,"href":"https:\/\/zsswierzowa.pl\/index.php?rest_route=%2Fwp%2Fv2%2Fcomments&post=8604"}],"version-history":[{"count":24,"href":"https:\/\/zsswierzowa.pl\/index.php?rest_route=\/wp\/v2\/pages\/8604\/revisions"}],"predecessor-version":[{"id":50962,"href":"https:\/\/zsswierzowa.pl\/index.php?rest_route=\/wp\/v2\/pages\/8604\/revisions\/50962"}],"wp:attachment":[{"href":"https:\/\/zsswierzowa.pl\/index.php?rest_route=%2Fwp%2Fv2%2Fmedia&parent=8604"}],"curies":[{"name":"wp","href":"https:\/\/api.w.org\/{rel}","templated":true}]}}