{"id":51,"date":"2013-12-30T07:21:06","date_gmt":"2013-12-30T07:21:06","guid":{"rendered":"http:\/\/zsswierzowa.pl\/?page_id=51"},"modified":"2025-08-19T13:09:09","modified_gmt":"2025-08-19T11:09:09","slug":"kadra-2","status":"publish","type":"page","link":"https:\/\/zsswierzowa.pl\/?page_id=51","title":{"rendered":"Kadra przedszkola"},"content":{"rendered":"<p>&nbsp;<\/p>\n<table class=\" aligncenter\" style=\"width: 80%; height: 80px;\">\n<tbody>\n<tr style=\"height: 7px;\">\n<td style=\"width: 200px; height: 10px; text-align: center; vertical-align: middle;\"><strong>IMI\u0118 I NAZWISKO<\/strong><\/td>\n<td style=\"width: 261px; height: 10px; text-align: center; vertical-align: middle;\"><strong>WYCHOWAWSTWO \/ FUNKCJA<br \/>\n<\/strong><\/td>\n<td style=\"width: 163px; height: 10px; text-align: center; vertical-align: middle;\"><strong>PRZEDMIOT<\/strong><\/td>\n<\/tr>\n<tr style=\"height: 7px;\">\n<td style=\"width: 200px; height: 7px; text-align: center; vertical-align: middle;\">mgr Renata Salewska<\/td>\n<td style=\"width: 261px; height: 7px; text-align: center; vertical-align: middle;\">wych. 5\/6-latk\u00f3w &#8211; Motylki, koordynator ds. uroczysto\u015bci, imprez i akcji przedszkolnych, kronika przedszkola<\/td>\n<td style=\"width: 163px; height: 7px; text-align: center; vertical-align: middle;\">wychowanie przedszkolne<\/td>\n<\/tr>\n<tr style=\"height: 7px;\">\n<td style=\"width: 200px; height: 7px; text-align: center; vertical-align: middle;\">Justyna Gierlicka<\/td>\n<td style=\"width: 261px; height: 7px; text-align: center; vertical-align: middle;\">pomoc nauczyciela &#8211; Biedroneczki, redaktor medi\u00f3w spo\u0142eczno\u015bciowych<\/td>\n<td style=\"width: 163px; height: 7px; text-align: center; vertical-align: middle;\">&nbsp;<\/td>\n<\/tr>\n<tr style=\"height: 7px;\">\n<td style=\"width: 200px; height: 7px; text-align: center; vertical-align: middle;\">mgr Natalia Pasterkiewicz<\/td>\n<td style=\"width: 261px; height: 7px; text-align: center; vertical-align: middle;\">wych. 4\/5-latk\u00f3w &#8211; Pszcz\u00f3\u0142ki, redaktor strony internetowej, koordynator ds. projekt\u00f3w<\/td>\n<td style=\"width: 163px; height: 7px; text-align: center; vertical-align: middle;\">wychowanie<br \/>\nprzedszkolne<\/td>\n<\/tr>\n<tr style=\"height: 7px;\">\n<td style=\"width: 200px; height: 7px; text-align: center; vertical-align: middle;\">mgr Natalia Kwaciszewska Czy\u017c<\/td>\n<td style=\"width: 261px; height: 7px; text-align: center; vertical-align: middle;\">wych. 4\/5-latk\u00f3w &#8211; Pszcz\u00f3\u0142ki,<br \/>\nredaktor medi\u00f3w spo\u0142eczno\u015bciowych, koordynator ds. promocji przedszkola<\/td>\n<td style=\"width: 163px; height: 7px; text-align: center; vertical-align: middle;\">wychowanie przedszkolne,<br \/>\nlogopedia<\/td>\n<\/tr>\n<tr style=\"height: 7px;\">\n<td style=\"width: 200px; height: 7px; text-align: center; vertical-align: middle;\">mgr Beata Malik<\/td>\n<td style=\"width: 261px; height: 7px; text-align: center; vertical-align: middle;\">&nbsp;<\/td>\n<td style=\"width: 163px; height: 7px; text-align: center; vertical-align: middle;\">j\u0119zyk angielski<\/td>\n<\/tr>\n<tr style=\"height: 7px;\">\n<td style=\"width: 200px; height: 7px; text-align: center; vertical-align: middle;\">&nbsp;Renata Kobak<\/td>\n<td style=\"width: 261px; height: 7px; text-align: center; vertical-align: middle;\">wych. 3\/4-latk\u00f3w &#8211; Biedroneczki,<br \/>\nkoordynator ds. estetyki przedszkola, kronika przedszkola<\/td>\n<td style=\"width: 163px; height: 7px; text-align: center; vertical-align: middle;\">&nbsp;<\/td>\n<\/tr>\n<tr style=\"height: 7px;\">\n<td style=\"width: 200px; height: 7px; text-align: center; vertical-align: middle;\">ks. Rados\u0142aw Kwolek<\/td>\n<td style=\"width: 261px; height: 7px; text-align: center; vertical-align: middle;\">&nbsp;<\/td>\n<td style=\"width: 163px; height: 7px; text-align: center; vertical-align: middle;\">religia<\/td>\n<\/tr>\n<tr style=\"height: 7px;\">\n<td style=\"width: 200px; height: 7px; text-align: center; vertical-align: middle;\">mgr Anna Rowi\u0144ska<\/td>\n<td style=\"width: 261px; height: 7px; text-align: center; vertical-align: middle;\">wych. 3\/4-latk\u00f3w &#8211; Biedroneczki, koordynator ds. konkurs\u00f3w przedszkolnych oraz akcji charytatywnych, koordynator ds. estetyki&nbsp;<\/td>\n<td style=\"width: 163px; height: 7px; text-align: center; vertical-align: middle;\">wychowanie<br \/>\nprzedszkolne<\/td>\n<\/tr>\n<tr style=\"height: 7px;\">\n<td style=\"width: 200px; height: 7px; text-align: center; vertical-align: middle;\">mgr Mariola Zi\u0119ba<\/td>\n<td style=\"width: 261px; height: 7px; text-align: center; vertical-align: middle;\">wych. 5\/6-latk\u00f3w &#8211; Motylki,<br \/>\nkoordynator ds. prawa wewn\u0105trzprzedszkolnego, przewodnicz\u0105ca WDN wych. przedszkolnego<\/td>\n<td style=\"width: 163px; height: 7px; text-align: center; vertical-align: middle;\">wychowanie przedszkolne<\/td>\n<\/tr>\n<\/tbody>\n<\/table>\n<p>&nbsp;<\/p>\n","protected":false},"excerpt":{"rendered":"<p>&nbsp; IMI\u0118 I NAZWISKO WYCHOWAWSTWO \/ FUNKCJA PRZEDMIOT mgr Renata Salewska wych. 5\/6-latk\u00f3w &#8211; Motylki, koordynator ds. uroczysto\u015bci, imprez i akcji przedszkolnych, kronika przedszkola wychowanie przedszkolne Justyna Gierlicka pomoc nauczyciela &#8211; Biedroneczki, redaktor medi\u00f3w spo\u0142eczno\u015bciowych &nbsp; mgr Natalia Pasterkiewicz wych. 4\/5-latk\u00f3w &#8211; Pszcz\u00f3\u0142ki, redaktor strony internetowej, koordynator ds. projekt\u00f3w wychowanie przedszkolne mgr Natalia Kwaciszewska Czy\u017c [&hellip;]<\/p>\n","protected":false},"author":7,"featured_media":0,"parent":0,"menu_order":0,"comment_status":"open","ping_status":"open","template":"","meta":{"ngg_post_thumbnail":0,"footnotes":""},"class_list":["post-51","page","type-page","status-publish","hentry"],"_links":{"self":[{"href":"https:\/\/zsswierzowa.pl\/index.php?rest_route=\/wp\/v2\/pages\/51","targetHints":{"allow":["GET"]}}],"collection":[{"href":"https:\/\/zsswierzowa.pl\/index.php?rest_route=\/wp\/v2\/pages"}],"about":[{"href":"https:\/\/zsswierzowa.pl\/index.php?rest_route=\/wp\/v2\/types\/page"}],"author":[{"embeddable":true,"href":"https:\/\/zsswierzowa.pl\/index.php?rest_route=\/wp\/v2\/users\/7"}],"replies":[{"embeddable":true,"href":"https:\/\/zsswierzowa.pl\/index.php?rest_route=%2Fwp%2Fv2%2Fcomments&post=51"}],"version-history":[{"count":62,"href":"https:\/\/zsswierzowa.pl\/index.php?rest_route=\/wp\/v2\/pages\/51\/revisions"}],"predecessor-version":[{"id":55351,"href":"https:\/\/zsswierzowa.pl\/index.php?rest_route=\/wp\/v2\/pages\/51\/revisions\/55351"}],"wp:attachment":[{"href":"https:\/\/zsswierzowa.pl\/index.php?rest_route=%2Fwp%2Fv2%2Fmedia&parent=51"}],"curies":[{"name":"wp","href":"https:\/\/api.w.org\/{rel}","templated":true}]}}