{"id":41440,"date":"2022-09-18T21:13:42","date_gmt":"2022-09-18T19:13:42","guid":{"rendered":"http:\/\/zsswierzowa.pl\/?page_id=41440"},"modified":"2024-09-27T11:42:36","modified_gmt":"2024-09-27T09:42:36","slug":"konsultacje-nauczycieli-przedszkola","status":"publish","type":"page","link":"https:\/\/zsswierzowa.pl\/?page_id=41440","title":{"rendered":"Konsultacje nauczycieli przedszkola"},"content":{"rendered":"<p style=\"text-align: center;\"><span style=\"font-size: 12pt;\"><strong>Terminy konsultacji nauczycieli przedszkola w roku szkolnym 2024\/2025<br \/>\n<\/strong><\/span><\/p>\n<p style=\"text-align: center;\">&nbsp;<\/p>\n<table class=\" aligncenter\">\n<tbody>\n<tr style=\"height: 24px;\">\n<td style=\"width: 225px; text-align: center; vertical-align: middle; height: 24px;\" width=\"225\">&nbsp;<strong>Prowadz\u0105cy<\/strong><\/td>\n<td style=\"width: 225px; text-align: center; vertical-align: middle; height: 24px;\" width=\"151\"><strong>Dzie\u0144<\/strong><\/td>\n<td style=\"width: 225px; text-align: center; vertical-align: middle; height: 24px;\" width=\"208\"><strong>Godzina<\/strong><\/td>\n<\/tr>\n<tr style=\"height: 38px;\">\n<td style=\"width: 225px; text-align: center; vertical-align: middle; height: 38px;\" width=\"225\">Anna Rowi\u0144ska<\/td>\n<td style=\"width: 225px; text-align: center; vertical-align: middle; height: 38px;\" width=\"151\">poniedzia\u0142ek<\/td>\n<td style=\"width: 225px; text-align: center; vertical-align: middle; height: 38px;\" width=\"208\">10:15 \u2013 11:15<\/td>\n<\/tr>\n<tr style=\"height: 36px;\">\n<td style=\"width: 225px; text-align: center; vertical-align: middle; height: 36px;\" width=\"225\">Natalia Kwaciszewska \u2013 Czy\u017c<\/td>\n<td style=\"width: 225px; text-align: center; vertical-align: middle; height: 36px;\" width=\"151\">wtorek<\/td>\n<td style=\"width: 225px; text-align: center; vertical-align: middle; height: 36px;\" width=\"208\">09:00 \u2013 10:00<\/td>\n<\/tr>\n<tr style=\"height: 34px;\">\n<td style=\"width: 225px; text-align: center; vertical-align: middle; height: 34px;\" width=\"225\">El\u017cbieta Dubis<\/td>\n<td style=\"width: 225px; text-align: center; vertical-align: middle; height: 34px;\" width=\"151\">wtorek<\/td>\n<td style=\"width: 225px; text-align: center; vertical-align: middle; height: 34px;\" width=\"208\">11:30 &#8211; 12:30<\/td>\n<\/tr>\n<tr style=\"height: 30px;\">\n<td style=\"width: 225px; text-align: center; vertical-align: middle; height: 30px;\" width=\"225\">Anna Cypara<\/td>\n<td style=\"width: 225px; text-align: center; vertical-align: middle; height: 30px;\" width=\"151\">poniedzia\u0142ek<\/p>\n<p>pi\u0105tek<\/td>\n<td style=\"width: 225px; text-align: center; vertical-align: middle; height: 30px;\" width=\"208\">11:00- 11:45<\/p>\n<p>10:45 &#8211; 11:00<\/td>\n<\/tr>\n<tr style=\"height: 0px;\">\n<td style=\"width: 225px; text-align: center; vertical-align: middle; height: 0px;\" width=\"225\">Mariola Zi\u0119ba<\/td>\n<td style=\"width: 225px; text-align: center; vertical-align: middle; height: 0px;\" width=\"151\">poniedzia\u0142ek<\/td>\n<td style=\"width: 225px; text-align: center; vertical-align: middle; height: 0px;\" width=\"208\">11:30 &#8211; 12:30<\/td>\n<\/tr>\n<\/tbody>\n<\/table>\n<p>&nbsp;<\/p>\n","protected":false},"excerpt":{"rendered":"<p>Terminy konsultacji nauczycieli przedszkola w roku szkolnym 2024\/2025 &nbsp; &nbsp;Prowadz\u0105cy Dzie\u0144 Godzina Anna Rowi\u0144ska poniedzia\u0142ek 10:15 \u2013 11:15 Natalia Kwaciszewska \u2013 Czy\u017c wtorek 09:00 \u2013 10:00 El\u017cbieta Dubis wtorek 11:30 &#8211; 12:30 Anna Cypara poniedzia\u0142ek pi\u0105tek 11:00- 11:45 10:45 &#8211; 11:00 Mariola Zi\u0119ba poniedzia\u0142ek 11:30 &#8211; 12:30 &nbsp;<\/p>\n","protected":false},"author":7,"featured_media":0,"parent":0,"menu_order":0,"comment_status":"closed","ping_status":"closed","template":"","meta":{"ngg_post_thumbnail":0,"footnotes":""},"class_list":["post-41440","page","type-page","status-publish","hentry"],"_links":{"self":[{"href":"https:\/\/zsswierzowa.pl\/index.php?rest_route=\/wp\/v2\/pages\/41440","targetHints":{"allow":["GET"]}}],"collection":[{"href":"https:\/\/zsswierzowa.pl\/index.php?rest_route=\/wp\/v2\/pages"}],"about":[{"href":"https:\/\/zsswierzowa.pl\/index.php?rest_route=\/wp\/v2\/types\/page"}],"author":[{"embeddable":true,"href":"https:\/\/zsswierzowa.pl\/index.php?rest_route=\/wp\/v2\/users\/7"}],"replies":[{"embeddable":true,"href":"https:\/\/zsswierzowa.pl\/index.php?rest_route=%2Fwp%2Fv2%2Fcomments&post=41440"}],"version-history":[{"count":24,"href":"https:\/\/zsswierzowa.pl\/index.php?rest_route=\/wp\/v2\/pages\/41440\/revisions"}],"predecessor-version":[{"id":51032,"href":"https:\/\/zsswierzowa.pl\/index.php?rest_route=\/wp\/v2\/pages\/41440\/revisions\/51032"}],"wp:attachment":[{"href":"https:\/\/zsswierzowa.pl\/index.php?rest_route=%2Fwp%2Fv2%2Fmedia&parent=41440"}],"curies":[{"name":"wp","href":"https:\/\/api.w.org\/{rel}","templated":true}]}}