{"id":37,"date":"2013-12-30T07:18:22","date_gmt":"2013-12-30T07:18:22","guid":{"rendered":"http:\/\/zsswierzowa.pl\/?page_id=37"},"modified":"2022-09-14T11:06:16","modified_gmt":"2022-09-14T09:06:16","slug":"sponsorzy","status":"publish","type":"page","link":"https:\/\/zsswierzowa.pl\/?page_id=37","title":{"rendered":"Sponsorzy"},"content":{"rendered":"<p align=\"right\">&#8222;Kto ma serce pe\u0142ne mi\u0142o\u015bci, zawsze ma co\u015b do dania.&#8221;<br \/>\npapie\u017c Jan XXIII<\/p>\n<p>Z serdecznym podzi\u0119kowaniem<br \/>\nDYREKTOR, NAUCZYCIELE, RODZICE, UCZNIOWIE<\/p>\n<p style=\"text-align: center;\"><strong>\u2020 Pani Alina Celej<\/strong><\/p>\n<p style=\"text-align: center;\"><strong>Pani Joanna Ku\u017aniarowicz &#8211; Cukiernia LUKRESJA<br \/>\n<\/strong><\/p>\n<p style=\"text-align: center;\"><strong>Pani Aldona Pa\u0142ys<br \/>\n<\/strong><\/p>\n<p style=\"text-align: center;\"><strong>Pan Bronis\u0142aw Lubas<\/strong><\/p>\n<p style=\"text-align: center;\"><strong>Pan Wies\u0142aw M\u0105czka<\/strong><\/p>\n<p style=\"text-align: center;\"><strong>Pa\u0144stwo Katarzyna i Piotr Kozubal<\/strong><\/p>\n<p style=\"text-align: center;\"><strong>Pan Bogus\u0142aw Ko\u015bci\u00f3\u0142ko<\/strong><\/p>\n<p style=\"text-align: center;\"><strong>Pan Bogus\u0142aw Pacek &#8211; Gminne Centrum Kultury, Czytelnictwa i Sportu<br \/>\n<\/strong><\/p>\n","protected":false},"excerpt":{"rendered":"<p>&#8222;Kto ma serce pe\u0142ne mi\u0142o\u015bci, zawsze ma co\u015b do dania.&#8221; papie\u017c Jan XXIII Z serdecznym podzi\u0119kowaniem DYREKTOR, NAUCZYCIELE, RODZICE, UCZNIOWIE \u2020 Pani Alina Celej Pani Joanna Ku\u017aniarowicz &#8211; Cukiernia LUKRESJA Pani Aldona Pa\u0142ys Pan Bronis\u0142aw Lubas Pan Wies\u0142aw M\u0105czka Pa\u0144stwo Katarzyna i Piotr Kozubal Pan Bogus\u0142aw Ko\u015bci\u00f3\u0142ko Pan Bogus\u0142aw Pacek &#8211; Gminne Centrum Kultury, Czytelnictwa [&hellip;]<\/p>\n","protected":false},"author":7,"featured_media":0,"parent":0,"menu_order":0,"comment_status":"open","ping_status":"open","template":"","meta":{"ngg_post_thumbnail":0,"footnotes":""},"class_list":["post-37","page","type-page","status-publish","hentry"],"_links":{"self":[{"href":"https:\/\/zsswierzowa.pl\/index.php?rest_route=\/wp\/v2\/pages\/37","targetHints":{"allow":["GET"]}}],"collection":[{"href":"https:\/\/zsswierzowa.pl\/index.php?rest_route=\/wp\/v2\/pages"}],"about":[{"href":"https:\/\/zsswierzowa.pl\/index.php?rest_route=\/wp\/v2\/types\/page"}],"author":[{"embeddable":true,"href":"https:\/\/zsswierzowa.pl\/index.php?rest_route=\/wp\/v2\/users\/7"}],"replies":[{"embeddable":true,"href":"https:\/\/zsswierzowa.pl\/index.php?rest_route=%2Fwp%2Fv2%2Fcomments&post=37"}],"version-history":[{"count":31,"href":"https:\/\/zsswierzowa.pl\/index.php?rest_route=\/wp\/v2\/pages\/37\/revisions"}],"predecessor-version":[{"id":41402,"href":"https:\/\/zsswierzowa.pl\/index.php?rest_route=\/wp\/v2\/pages\/37\/revisions\/41402"}],"wp:attachment":[{"href":"https:\/\/zsswierzowa.pl\/index.php?rest_route=%2Fwp%2Fv2%2Fmedia&parent=37"}],"curies":[{"name":"wp","href":"https:\/\/api.w.org\/{rel}","templated":true}]}}