{"id":33,"date":"2013-12-30T07:17:57","date_gmt":"2013-12-30T07:17:57","guid":{"rendered":"http:\/\/zsswierzowa.pl\/?page_id=33"},"modified":"2025-10-29T13:12:24","modified_gmt":"2025-10-29T12:12:24","slug":"dzialalnosc-uczniowska","status":"publish","type":"page","link":"https:\/\/zsswierzowa.pl\/?page_id=33","title":{"rendered":"Dzia\u0142alno\u015b\u0107 uczniowska"},"content":{"rendered":"<p><strong>SAMORZ\u0104D UCZNIOWSKI<\/strong><\/p>\n<p><strong>Opiekunowie:<\/strong><br \/>\nmgr Magdalena Belczyk<br \/>\nmgr Anna Czabanowska<br \/>\nmgr Paulina Koz\u0142owska<br \/>\nmgr Agnieszka Sz\u0105bara<\/p>\n<p><strong>Zarz\u0105d:<\/strong><br \/>\nprzewodnicz\u0105ca: Lena Janiszewska<br \/>\nzast\u0119pca: Milena Wyczesany<br \/>\nskarbnik: Magdalena Parylak<br \/>\n<strong>Cz\u0142onkowie: <\/strong>Babkowski Franciszek, Ba\u0142aban Zofia, Duplaga Nikola, Gazda Zofia, Henzel Ignacy, Koz\u0142owska Julia, Krakowiecki Wojciech, Ku\u017aniarowicz Miko\u0142aj, Le\u015bniak Szymon, Rokitowski Szymon, Rowi\u0144ski Aleksander, Staro\u0144 Szymon, Szklarski Szymon, Szyd\u0142o Natalia, Wierdak Gabriela, Zajdel Lena<\/p>\n<p><strong>SZKOLNE KO\u0141O CARITAS i WOLONTARIAT<br \/>\n<\/strong><\/p>\n<p style=\"text-align: left;\"><strong>Opiekunowie:<\/strong><br \/>\nmgr Joanna Koryl<br \/>\nmgr Renata Gierlach<br \/>\nks. R. Kwolek<\/p>\n<p style=\"text-align: justify;\"><strong>Zarz\u0105d: <\/strong><br \/>\nprzewodnicz\u0105ca: Szyd\u0142o Natalia<br \/>\nzast\u0119pca: Nizio\u0142ek Rozalia<br \/>\nskarbnik: Wierdak Gabriela<br \/>\n<strong>Cz\u0142onkowie:<\/strong> Brzy\u015b Jakub, Anna Malik, Licho\u0144 Szymon, Staro\u0144 Natalia, Szkudlarek Nikola, \u015awi\u0119tnicka Karina, Wierdak Adam, Wosiewicz Filip, W\u00f3jtowicz Nadia, Zubel Aleksandra, Ba\u0142aban Zofia, Duplaga Nikola, Gajewska Milena, Gazda Zofia, Gurgacz Kacper, Guzik Szymon, Henzel Antoni, Janiszewska Lena, \u0141aci\u0144ska Justyna, Nabag\u0142o Miko\u0142aj, Pigo\u0144 Maja, Pigo\u0144 Oliwia, Prajzner Miko\u0142aj, Sk\u0142adanowska Maja, Smolik Patrycja, Szkudlarek Kaja, Wilk Roksana, Wity\u0144ska Martyna, Hejnar Amelia, Nizio\u0142ek Rozalia, Szyd\u0142o Natalia, Szklarski&nbsp; Szymon, Wierdak Dorota, Wierdak Gabriela, Wyczesany Milena, Maria Trybus, Lena Wilusz, Wanessa Wilk, Julia Jaskulska.<\/p>\n<p><strong>SZKOLNE KO\u0141O TURYSTYCZNE \u201e\u015aWIERZOWSCY RAJDOWCY\u201d<\/strong><\/p>\n<p><strong>Opiekun:<\/strong><br \/>\nmgr Beata Malik<\/p>\n<p style=\"text-align: justify;\"><strong>Cz\u0142onkowie: <\/strong>Micha\u0142 Nabag\u0142o, Dorota Wierdak, Jakub W\u00f3jtowicz, Natalia Szyd\u0142o, Gabriel Gancarz, Bartosz Wilusz, Szymon Micha\u0142ek, Rozalia Nizio\u0142ek, Amelia Hejnar, Aleksander Wilk, Szymon Szklarski, Lena Zajdel, Alicja Zborowska, Adam Zborowski, Kevin Lynch, Zofia Ba\u0142aban, Martyna Wity\u0144ska, Maja Zieli\u0144ska, Zofia Gazda, Patrycja Smolik, Kacper Gurgacz, Miko\u0142aj Prajzner, Roksana Wilk, Maja Pigo\u0144, Oliwia Pigo\u0144, Miko\u0142aj Nabag\u0142o, Antoni Henzel, Maja Sk\u0142adanowska, Kaja Szkudlarek, Szymon Rokitowski, Oliwier Bra\u0144ski, Lena Janiszewska, Nikola Duplaga, Justyna \u0141aci\u0144ska, Miko\u0142aj Ku\u017aniarowicz, Milena Gajewska, Adam Wierdak, Filip \u015awi\u0119s, Nadia W\u00f3jtowicz.<strong><br \/>\n<\/strong><\/p>\n<p><strong>SZKOLNY SKLEPIK<br \/>\n<\/strong><\/p>\n<p><strong>Opiekun:<\/strong><br \/>\nmgr Krzysztof Kr\u0119\u017ca\u0142ek<\/p>\n<p><strong>Uczniowie sprzedaj\u0105cy: <\/strong><span class=\"_5yl5\">Micha\u0142 Dubis, Pawe\u0142 Drozd, Jakub W\u00f3jtowicz, Nadia W\u00f3jtowicz<\/span><strong><br \/>\n<\/strong><\/p>\n<p><strong>SZKOLNE KO\u0141O PCK<\/strong><\/p>\n<p><strong>Opiekunowie:<\/strong><br \/>\nmgr Anna Cypara<br \/>\nmgr Beata Gefert<br \/>\nmgr Katarzyna Kranc<\/p>\n<p style=\"text-align: justify;\"><strong>Zarz\u0105d:<\/strong><br \/>\nprzewodnicz\u0105ca: Magdalena Parylak<br \/>\nzast\u0119pca: Milena Wyczesany<br \/>\nskarbnik: Szymon Szklarski<br \/>\n<strong>Cz\u0142onkowie<\/strong>: Maja Sk\u0142adanowska, Zofia Ba\u0142aban, Zofia Gazda, Maria Trybus, Lena Wilusz, Wanessa Wilk, Dominika Dr\u00f3zd<\/p>\n<p><strong>&nbsp;LIGA OCHRONY PRZYRODY<\/strong><\/p>\n<p><strong>Opiekunowie:<\/strong><br \/>\nmgr&nbsp;Beata Pr\u0119tnik<br \/>\nmgr Renata Janocha<\/p>\n<p style=\"text-align: justify;\"><strong>Zarz\u0105d:<\/strong><br \/>\nprzewodnicz\u0105cy: Szymon Szklarski<br \/>\nzast\u0119pca: Julia Dryga\u015b<br \/>\n<strong>Cz\u0142onkowie: <\/strong>Szkudlarek Nikola, \u015awi\u0119tnicka Karina, W\u00f3jtowicz Nadia, Staro\u0144 Julia, Malik Anna, Praizner Miko\u0142aj, Pigo\u0144 Maja, Pigo\u0144 Oliwia, Koz\u0142owska Julia, Janiszewska Lena, Ba\u0142aban Zofia, Sk\u0142adanowska Maja, Smolik Patrycja, Kustro\u0144 Emilia, Wierdak Gabriela, Zajdel Lena, Szyd\u0142o Natalia, Nizio\u0142ek Rozalia, Wierdak Dorota, Wyczesany Milena, Parylak Magdalena, Micha\u0142ek Szymon, Wilk Wanessa, Wilusz Lena,&nbsp;Dr\u00f3zd Dominika,&nbsp;Faber Natan.<\/p>\n<p><strong>CH\u00d3R SZKOLNY<\/strong><\/p>\n<p><strong>Opiekun:<\/strong><br \/>\nmgr Agata Samborowska &#8211; Zajdel<\/p>\n<p style=\"text-align: justify;\"><strong>Cz\u0142onkowie:<\/strong> Julia Pa\u0142ys, Zofia Silwanowicz, Agata Kuca, Oliwia Syrek, Julia \u017b\u00f3\u0142ko\u015b, Zuzanna Frydrych, Krzysztof Tabak, Anna Malik, Amelia Solecka, Julia Staro\u0144, Nikola Szkudlarek, Maria Wi\u015bniowska, Aleksandra Zubel, Lena Janiszewska, Maja Zieli\u0144ska, Justyna \u0141aci\u0144ska, Julia Koz\u0142owska, Milena Gajewska, Kaja Szkudlarek, Patrycja Smolik, Nikola Duplaga, Martyna Wity\u0144ska, Roksana Wilk, Zofia Gazda, Zofia Ba\u0142aban, Maja Sk\u0142adanowska, Milena Wyczesany, Magdalena Parylak, Sandra Bartoszek, Dominika Dr\u00f3zd, Wanessa Wilk, Lena Wilusz, Maria Trybus.<\/p>\n","protected":false},"excerpt":{"rendered":"<p>SAMORZ\u0104D UCZNIOWSKI Opiekunowie: mgr Magdalena Belczyk mgr Anna Czabanowska mgr Paulina Koz\u0142owska mgr Agnieszka Sz\u0105bara Zarz\u0105d: przewodnicz\u0105ca: Lena Janiszewska zast\u0119pca: Milena Wyczesany skarbnik: Magdalena Parylak Cz\u0142onkowie: Babkowski Franciszek, Ba\u0142aban Zofia, Duplaga Nikola, Gazda Zofia, Henzel Ignacy, Koz\u0142owska Julia, Krakowiecki Wojciech, Ku\u017aniarowicz Miko\u0142aj, Le\u015bniak Szymon, Rokitowski Szymon, Rowi\u0144ski Aleksander, Staro\u0144 Szymon, Szklarski Szymon, Szyd\u0142o Natalia, Wierdak [&hellip;]<\/p>\n","protected":false},"author":7,"featured_media":0,"parent":0,"menu_order":0,"comment_status":"open","ping_status":"open","template":"","meta":{"ngg_post_thumbnail":0,"footnotes":""},"class_list":["post-33","page","type-page","status-publish","hentry"],"_links":{"self":[{"href":"https:\/\/zsswierzowa.pl\/index.php?rest_route=\/wp\/v2\/pages\/33","targetHints":{"allow":["GET"]}}],"collection":[{"href":"https:\/\/zsswierzowa.pl\/index.php?rest_route=\/wp\/v2\/pages"}],"about":[{"href":"https:\/\/zsswierzowa.pl\/index.php?rest_route=\/wp\/v2\/types\/page"}],"author":[{"embeddable":true,"href":"https:\/\/zsswierzowa.pl\/index.php?rest_route=\/wp\/v2\/users\/7"}],"replies":[{"embeddable":true,"href":"https:\/\/zsswierzowa.pl\/index.php?rest_route=%2Fwp%2Fv2%2Fcomments&post=33"}],"version-history":[{"count":205,"href":"https:\/\/zsswierzowa.pl\/index.php?rest_route=\/wp\/v2\/pages\/33\/revisions"}],"predecessor-version":[{"id":56352,"href":"https:\/\/zsswierzowa.pl\/index.php?rest_route=\/wp\/v2\/pages\/33\/revisions\/56352"}],"wp:attachment":[{"href":"https:\/\/zsswierzowa.pl\/index.php?rest_route=%2Fwp%2Fv2%2Fmedia&parent=33"}],"curies":[{"name":"wp","href":"https:\/\/api.w.org\/{rel}","templated":true}]}}