{"id":28019,"date":"2019-09-24T23:03:13","date_gmt":"2019-09-24T21:03:13","guid":{"rendered":"http:\/\/zsswierzowa.pl\/?page_id=28019"},"modified":"2022-04-06T14:38:01","modified_gmt":"2022-04-06T12:38:01","slug":"hymn-szkoly","status":"publish","type":"page","link":"https:\/\/zsswierzowa.pl\/?page_id=28019","title":{"rendered":"Hymn szko\u0142y"},"content":{"rendered":"<p style=\"text-align: center;\"><span style=\"font-size: 14pt;\"><strong> Hymn<br \/>\n<\/strong><\/span><strong>Szko\u0142y Podstawowej im. Ignacego \u0141ukasiewicza w \u015awierzowej Polskiej.<br \/>\n<\/strong><em>Muzyka i s\u0142owa: Agata Samborowska \u2013 Zajdel<\/em><\/p>\n<p style=\"text-align: left; padding-left: 300px;\">Ignacy \u0141ukasiewicz<br \/>\nPolakiem wielkim by\u0142.<br \/>\nWspania\u0142ym wynalazkiem<br \/>\nO\u015bwietli\u0142 ludzkie dni.<br \/>\nZap\u0142on\u0105\u0142 p\u0142omyk, p\u0142onie<br \/>\nPrastarej lampy \u015blad,<br \/>\nA naszym dzi\u015b zadaniem<br \/>\nO p\u0142omie\u0144 ten dba\u0107.<\/p>\n<p style=\"text-align: left; padding-left: 300px;\">Ref. Nestorze polskiej nafty<br \/>\nPatronem naszym b\u0105d\u017a!<br \/>\nNiech p\u0142omie\u0144 Twojej lampy<br \/>\nO\u015bwietla wn\u0119trza serc.<br \/>\nMy p\u0142omie\u0144 podejmiemy,<br \/>\nP\u00f3jdziemy w \u017cycia dni<br \/>\nI \u015bwiadczy\u0107 wci\u0105\u017c b\u0119dziemy<br \/>\nO wielkim dziele Twym. (x 2)<\/p>\n<p style=\"text-align: left; padding-left: 300px;\">Gdy szkolne min\u0105 lata<br \/>\nI przyjdzie wielki \u015bwiat,<br \/>\nTen p\u0142omie\u0144 w naszym \u017cyciu<br \/>\nO\u015bwietli drog\u0119 prawd.<br \/>\nBo prac\u0105 i dobroci\u0105&nbsp;<br \/>\nObudzi\u0107 mo\u017cna sny<br \/>\nO szcz\u0119\u015bciu i nadziei<br \/>\nDla wszystkich nas dzi\u015b.<\/p>\n<p style=\"text-align: left; padding-left: 300px;\">Ref. Nestorze&#8230;<\/p>\n","protected":false},"excerpt":{"rendered":"<p>Hymn Szko\u0142y Podstawowej im. Ignacego \u0141ukasiewicza w \u015awierzowej Polskiej. Muzyka i s\u0142owa: Agata Samborowska \u2013 Zajdel Ignacy \u0141ukasiewicz Polakiem wielkim by\u0142. Wspania\u0142ym wynalazkiem O\u015bwietli\u0142 ludzkie dni. Zap\u0142on\u0105\u0142 p\u0142omyk, p\u0142onie Prastarej lampy \u015blad, A naszym dzi\u015b zadaniem O p\u0142omie\u0144 ten dba\u0107. Ref. Nestorze polskiej nafty Patronem naszym b\u0105d\u017a! Niech p\u0142omie\u0144 Twojej lampy O\u015bwietla wn\u0119trza serc. My [&hellip;]<\/p>\n","protected":false},"author":7,"featured_media":0,"parent":0,"menu_order":0,"comment_status":"closed","ping_status":"closed","template":"","meta":{"ngg_post_thumbnail":0,"footnotes":""},"class_list":["post-28019","page","type-page","status-publish","hentry"],"_links":{"self":[{"href":"https:\/\/zsswierzowa.pl\/index.php?rest_route=\/wp\/v2\/pages\/28019","targetHints":{"allow":["GET"]}}],"collection":[{"href":"https:\/\/zsswierzowa.pl\/index.php?rest_route=\/wp\/v2\/pages"}],"about":[{"href":"https:\/\/zsswierzowa.pl\/index.php?rest_route=\/wp\/v2\/types\/page"}],"author":[{"embeddable":true,"href":"https:\/\/zsswierzowa.pl\/index.php?rest_route=\/wp\/v2\/users\/7"}],"replies":[{"embeddable":true,"href":"https:\/\/zsswierzowa.pl\/index.php?rest_route=%2Fwp%2Fv2%2Fcomments&post=28019"}],"version-history":[{"count":13,"href":"https:\/\/zsswierzowa.pl\/index.php?rest_route=\/wp\/v2\/pages\/28019\/revisions"}],"predecessor-version":[{"id":39459,"href":"https:\/\/zsswierzowa.pl\/index.php?rest_route=\/wp\/v2\/pages\/28019\/revisions\/39459"}],"wp:attachment":[{"href":"https:\/\/zsswierzowa.pl\/index.php?rest_route=%2Fwp%2Fv2%2Fmedia&parent=28019"}],"curies":[{"name":"wp","href":"https:\/\/api.w.org\/{rel}","templated":true}]}}