{"id":25,"date":"2013-12-30T07:16:56","date_gmt":"2013-12-30T07:16:56","guid":{"rendered":"http:\/\/zsswierzowa.pl\/?page_id=25"},"modified":"2026-03-17T13:14:52","modified_gmt":"2026-03-17T12:14:52","slug":"kadra","status":"publish","type":"page","link":"https:\/\/zsswierzowa.pl\/?page_id=25","title":{"rendered":"Grono pedagogiczne"},"content":{"rendered":"<table style=\"width: 84.4308%; height: 1261px;\">\n<tbody>\n<tr style=\"height: 43px;\">\n<td style=\"width: 28.2087%; height: 43px; text-align: center; vertical-align: middle;\"><strong>IMI\u0118 I NAZWISKO<\/strong><\/td>\n<td style=\"width: 42.0311%; height: 43px; text-align: center; vertical-align: middle;\"><strong>WYCHOWAWSTWO \/ FUNKCJA<\/strong><\/td>\n<td style=\"width: 28.3498%; height: 43px; text-align: center; vertical-align: middle;\">\n<p style=\"text-align: center;\"><strong>PRZEDMIOT<\/strong><\/p>\n<\/td>\n<\/tr>\n<tr style=\"height: 43px;\">\n<td style=\"width: 28.2087%; height: 43px; text-align: center; vertical-align: middle;\">mgr Ma\u0142gorzata Fr\u0105czek<\/td>\n<td style=\"width: 42.0311%; height: 43px; text-align: center; vertical-align: middle;\">dyrektor<\/td>\n<td style=\"width: 28.3498%; height: 43px; text-align: center; vertical-align: middle;\">\u015bwietlica<\/td>\n<\/tr>\n<tr style=\"height: 43px;\">\n<td style=\"width: 28.2087%; height: 43px; text-align: center; vertical-align: middle;\">mgr Piotr W\u0119grzyn<\/td>\n<td style=\"width: 42.0311%; height: 43px; text-align: center; vertical-align: middle;\">wicedyrektor,<br \/>\nadministrator system\u00f3w informatycznych,<br \/>\n&nbsp;administrator strony internetowej i medi\u00f3w spo\u0142eczno\u015bciowych,<br \/>\nadministrator e-dziennika<\/td>\n<td style=\"width: 28.3498%; height: 43px; text-align: center; vertical-align: middle;\">&nbsp;informatyka, technika, edukacja informatyczna<\/td>\n<\/tr>\n<tr style=\"height: 43px;\">\n<td style=\"width: 28.2087%; height: 43px; text-align: center; vertical-align: middle;\">mgr Magdalena Belczyk<\/td>\n<td style=\"width: 42.0311%; height: 43px; text-align: center; vertical-align: middle;\">&nbsp;koordynator ds. kszta\u0142cenia specjalnego, opiekun SU, redaktor medi\u00f3w spo\u0142eczno\u015bciowych<\/td>\n<td style=\"width: 28.3498%; height: 43px; text-align: center; vertical-align: middle;\">nauczyciel wsp\u00f3\u0142organizuj\u0105cy kszta\u0142cenie<\/td>\n<\/tr>\n<tr style=\"height: 43px;\">\n<td style=\"width: 28.2087%; height: 43px; text-align: center; vertical-align: middle;\">mgr Ewa Bieszczad<\/td>\n<td style=\"width: 42.0311%; height: 43px; text-align: center; vertical-align: middle;\">przewodnicz\u0105ca WDN &#8211; blok edukacji j\u0119zyk\u00f3w obcych,<\/td>\n<td style=\"width: 28.3498%; height: 43px; text-align: center; vertical-align: middle;\">j\u0119zyk niemiecki<\/td>\n<\/tr>\n<tr style=\"height: 70px;\">\n<td style=\"width: 28.2087%; height: 70px; text-align: center; vertical-align: middle;\">mgr Anna Cypara<\/td>\n<td style=\"width: 42.0311%; height: 70px; text-align: center; vertical-align: middle;\">wych. kl. Ia, opiekun PCK, koordynator ds. projekt\u00f3w<\/td>\n<td style=\"width: 28.3498%; height: 70px; text-align: center; vertical-align: middle;\">edukacja wczesnoszkolna, \u015bwietlica<\/td>\n<\/tr>\n<tr style=\"height: 43px;\">\n<td style=\"width: 28.2087%; height: 43px; text-align: center; vertical-align: middle;\">mgr Anna Czabanowska<\/td>\n<td style=\"width: 42.0311%; height: 43px; text-align: center; vertical-align: middle;\">wych. kl. II, opiekun SU, przewodnicz\u0105cy WDN &#8211; blok edukacji wczesnoszkolnej, koordynator ds. projekt\u00f3w<\/td>\n<td style=\"width: 28.3498%; height: 43px; text-align: center; vertical-align: middle;\">edukacja wczesnoszkolna, \u015bwietlica, rewalidacja<\/td>\n<\/tr>\n<tr style=\"height: 43px;\">\n<td style=\"width: 28.2087%; height: 43px; text-align: center; vertical-align: middle;\">mgr Piotr Drozd<\/td>\n<td style=\"width: 42.0311%; height: 43px; text-align: center; vertical-align: middle;\">koordynator ds. ewakuacji i pierwszej pomocy, spo\u0142eczny inspektor pracy,<br \/>\nopiekun pocztu sztandarowego,<\/td>\n<td style=\"width: 28.3498%; height: 43px; text-align: center; vertical-align: middle;\">wychowanie fizyczne, edukacja dla bezpiecze\u0144stwa<\/td>\n<\/tr>\n<tr style=\"height: 43px;\">\n<td style=\"width: 28.2087%; height: 43px; text-align: center; vertical-align: middle;\">mgr Anna Dubis<\/td>\n<td style=\"width: 42.0311%; height: 43px; text-align: center; vertical-align: middle;\">bibliotekarz, koordynator ds. estetyki szko\u0142y, kronika szko\u0142y<\/td>\n<td style=\"width: 28.3498%; height: 43px; text-align: center; vertical-align: middle;\">plastyka, wychowanie przedszkolne, \u015bwietlica<\/td>\n<\/tr>\n<tr style=\"height: 43px;\">\n<td style=\"width: 28.2087%; height: 43px; text-align: center; vertical-align: middle;\">mgr Sylwia Dziedziak<\/td>\n<td style=\"width: 42.0311%; height: 43px; text-align: center; vertical-align: middle;\">&nbsp;przewodnicz\u0105ca WDN &#8211; blok matematyczno-przyrodniczy, koordynator ds. projekt\u00f3w, plan lekcji<\/td>\n<td style=\"width: 28.3498%; height: 43px; text-align: center; vertical-align: middle;\">fizyka, matematyka, zaj\u0119cia dydaktyczno-wyr\u00f3wnawcze<\/td>\n<\/tr>\n<tr style=\"height: 43px;\">\n<td style=\"width: 28.2087%; height: 43px; text-align: center; vertical-align: middle;\">mgr Beata Gefert<\/td>\n<td style=\"width: 42.0311%; height: 43px; text-align: center; vertical-align: middle;\">wych. klasy III, opiekun PCK,<br \/>\nkoordynator ds. projekt\u00f3w<\/td>\n<td style=\"width: 28.3498%; height: 43px; text-align: center; vertical-align: middle;\">wychowanie wczesnoszkolne, \u015bwietlica<\/td>\n<\/tr>\n<tr style=\"height: 43px;\">\n<td style=\"width: 28.2087%; height: 43px; text-align: center; vertical-align: middle;\">mgr Renata Gierlach<\/td>\n<td style=\"width: 42.0311%; height: 43px; text-align: center; vertical-align: middle;\">opiekun SK Caritas i Wolontariatu<br \/>\nkoordynator ds. projekt\u00f3w<\/td>\n<td style=\"width: 28.3498%; height: 43px; text-align: center; vertical-align: middle;\">matematyka<\/td>\n<\/tr>\n<tr style=\"height: 43px;\">\n<td style=\"width: 28.2087%; height: 43px; text-align: center; vertical-align: middle;\">mgr Ma\u0142gorzata Jakubowska<\/td>\n<td style=\"width: 42.0311%; height: 43px; text-align: center; vertical-align: middle;\">wych. klasy IV, koordynator ds. uroczysto\u015bci i imprez szkolnych, przewodnicz\u0105ca WDN &#8211; blok humanistyczno-artystyczny<\/td>\n<td style=\"width: 28.3498%; height: 43px; text-align: center; vertical-align: middle;\">j\u0119zyk polski, zaj\u0119cia dydaktyczno-wyr\u00f3wnawcze, \u015bwietlica<\/td>\n<\/tr>\n<tr style=\"height: 43px;\">\n<td style=\"width: 28.2087%; height: 43px; text-align: center; vertical-align: middle;\">mgr Renata Janocha<\/td>\n<td style=\"width: 42.0311%; height: 43px; text-align: center; vertical-align: middle;\">opiekun LOP, kronika szko\u0142y<\/td>\n<td style=\"width: 28.3498%; height: 43px; text-align: center; vertical-align: middle;\">biologia, chemia, edukacja zdrowotna<\/td>\n<\/tr>\n<tr style=\"height: 43px;\">\n<td style=\"width: 28.2087%; height: 43px; text-align: center; vertical-align: middle;\">mgr Krzysztof Kr\u0119\u017ca\u0142ek<\/td>\n<td style=\"width: 42.0311%; height: 43px; text-align: center; vertical-align: middle;\">wych. klasy V,<br \/>\nopiekun sklepiku szkolnego, koordynator ds. uroczysto\u015bci i imprez szkolnych<\/td>\n<td style=\"width: 28.3498%; height: 43px; text-align: center; vertical-align: middle;\">historia, wiedza<br \/>\no spo\u0142ecze\u0144stwie, informatyka, edukacja informatyczna, rewalidacja<\/td>\n<\/tr>\n<tr style=\"height: 43px;\">\n<td style=\"width: 28.2087%; height: 43px; text-align: center; vertical-align: middle;\">Bogus\u0142aw Ko\u015bci\u00f3\u0142ko<\/td>\n<td style=\"width: 42.0311%; height: 43px; text-align: center; vertical-align: middle;\">&nbsp;opiekun SKS, przewodnicz\u0105cy WDN &#8211; blok WF i EDB<\/td>\n<td style=\"width: 28.3498%; height: 43px; text-align: center; vertical-align: middle;\">wychowanie fizyczne<\/td>\n<\/tr>\n<tr style=\"height: 43px;\">\n<td style=\"width: 28.2087%; height: 43px; text-align: center; vertical-align: middle;\">mgr Joanna Koryl<\/td>\n<td style=\"width: 42.0311%; height: 43px; text-align: center; vertical-align: middle;\">wych. kl. 0<br \/>\nopiekun SK Caritas i Wolontariatu,<\/td>\n<td style=\"width: 28.3498%; height: 43px; text-align: center; vertical-align: middle;\">pedagog specjalny, wychowanie przedszkolne<\/td>\n<\/tr>\n<tr>\n<td style=\"width: 28.2087%; text-align: center; vertical-align: middle;\">mgr Paulina Koz\u0142owska<\/td>\n<td style=\"width: 42.0311%; text-align: center; vertical-align: middle;\">opiekun SU<\/td>\n<td style=\"width: 28.3498%; text-align: center; vertical-align: middle;\">nauczyciel wsp\u00f3\u0142organizuj\u0105cy kszta\u0142cenie, rewalidacja<\/td>\n<\/tr>\n<tr style=\"height: 43px;\">\n<td style=\"width: 28.2087%; height: 43px; text-align: center; vertical-align: middle;\">mgr Katarzyna Kranc<\/td>\n<td style=\"width: 42.0311%; height: 43px; text-align: center; vertical-align: middle;\">wych. kl. Ib, opiekun PCK, koordynator prawa wewn\u0105trzszkolnego<\/td>\n<td style=\"width: 28.3498%; height: 43px; text-align: center; vertical-align: middle;\">edukacja wczesnoszkolna, \u015bwietlica, nauczyciel wsp\u00f3\u0142organizuj\u0105cy kszta\u0142cenie,<\/td>\n<\/tr>\n<tr style=\"height: 43px;\">\n<td style=\"width: 28.2087%; height: 43px; text-align: center; vertical-align: middle;\">mgr Beata Malik<\/td>\n<td style=\"width: 42.0311%; height: 43px; text-align: center; vertical-align: middle;\">wych. klasy VI,<br \/>\nopiekun SK PTTK \u015awierzowscy Rajdowcy, redaktor medi\u00f3w spo\u0142eczno\u015bciowych, koordynator ds. profilaktyki i doradztwa zawodowego, plan lekcji<\/td>\n<td style=\"width: 28.3498%; height: 43px; text-align: center; vertical-align: middle;\">j\u0119zyk angielski, doradztwo zawodowe, edukacja zdrowotna, nauczyciel wsp\u00f3\u0142organizuj\u0105cy kszta\u0142cenie<\/td>\n<\/tr>\n<tr>\n<td style=\"width: 28.2087%; text-align: center; vertical-align: middle;\">lic. Aleksandra Muszy\u0144ska<\/td>\n<td style=\"width: 42.0311%; text-align: center; vertical-align: middle;\">(zast\u0119pstwo)<\/td>\n<td style=\"width: 28.3498%; text-align: center; vertical-align: middle;\">j\u0119zyk angielski<\/td>\n<\/tr>\n<tr>\n<td style=\"width: 28.2087%; text-align: center; vertical-align: middle;\">mgr Natalia Nalborska<\/td>\n<td style=\"width: 42.0311%; text-align: center; vertical-align: middle;\">(zast\u0119pstwo)<\/td>\n<td style=\"width: 28.3498%; text-align: center; vertical-align: middle;\">j\u0119zyk angielski<\/td>\n<\/tr>\n<tr style=\"height: 43px;\">\n<td style=\"width: 28.2087%; height: 43px; text-align: center; vertical-align: middle;\">mgr Natalia Kwaciszewska Czy\u017c<\/td>\n<td style=\"width: 42.0311%; height: 43px; text-align: center; vertical-align: middle;\">&nbsp;<\/td>\n<td style=\"width: 28.3498%; height: 43px; text-align: center; vertical-align: middle;\">logopedia<\/td>\n<\/tr>\n<tr style=\"height: 43px;\">\n<td style=\"width: 28.2087%; height: 43px; text-align: center; vertical-align: middle;\">&nbsp;ks. mgr Rados\u0142aw Kwolek<\/td>\n<td style=\"width: 42.0311%; height: 43px; text-align: center; vertical-align: middle;\">opiekun SK Caritas i Wolontariatu&nbsp;<\/td>\n<td style=\"width: 28.3498%; height: 43px; text-align: center; vertical-align: middle;\">religia<\/td>\n<\/tr>\n<tr>\n<td style=\"width: 28.2087%; text-align: center; vertical-align: middle;\">mgr Pawe\u0142 P\u0119cherek<\/td>\n<td style=\"width: 42.0311%; text-align: center; vertical-align: middle;\">(zast\u0119pstwo)<\/td>\n<td style=\"width: 28.3498%; text-align: center; vertical-align: middle;\">matematyka<\/td>\n<\/tr>\n<tr style=\"height: 46px;\">\n<td style=\"width: 28.2087%; text-align: center; vertical-align: middle; height: 46px;\">mgr Aneta Pfajfer<\/td>\n<td style=\"width: 42.0311%; text-align: center; vertical-align: middle; height: 46px;\">przewodnicz\u0105ca WDN &#8211; zesp\u00f3\u0142 wychowawc\u00f3w<\/td>\n<td style=\"width: 28.3498%; text-align: center; vertical-align: middle; height: 46px;\">psycholog<\/td>\n<\/tr>\n<tr style=\"height: 43px;\">\n<td style=\"width: 28.2087%; height: 43px; text-align: center; vertical-align: middle;\">mgr Beata Pr\u0119tnik<\/td>\n<td style=\"width: 42.0311%; height: 43px; text-align: center; vertical-align: middle;\">wych. klasy VII, opiekun LOP<\/td>\n<td style=\"width: 28.3498%; height: 43px; text-align: center; vertical-align: middle;\">przyroda, geografia, \u015bwietlica<\/td>\n<\/tr>\n<tr style=\"height: 43px;\">\n<td style=\"width: 28.2087%; height: 43px; text-align: center; vertical-align: middle;\">mgr Agata Samborowska Zajdel<\/td>\n<td style=\"width: 42.0311%; height: 43px; text-align: center; vertical-align: middle;\">opiekun ch\u00f3ru, opiekun \u015bwietlicy<\/td>\n<td style=\"width: 28.3498%; height: 43px; text-align: center; vertical-align: middle;\">pedagog szkolny, muzyka, \u015bwietlica<\/td>\n<\/tr>\n<tr style=\"height: 43px;\">\n<td style=\"width: 28.2087%; height: 43px; text-align: center; vertical-align: middle;\">mgr Agnieszka Sz\u0105bara<\/td>\n<td style=\"width: 42.0311%; height: 43px; text-align: center; vertical-align: middle;\">wych. klasy VII, opiekun SU, koordynator ds. uroczysto\u015bci i imprez szkolnych, redaktor medi\u00f3w sp\u0142eczno\u015bciowych<\/td>\n<td style=\"width: 28.3498%; height: 43px; text-align: center; vertical-align: middle;\">j\u0119zyk polski, historia, edukacja zdrowotna, \u015bwietlica<\/td>\n<\/tr>\n<\/tbody>\n<\/table>\n<p>&nbsp;<\/p>\n","protected":false},"excerpt":{"rendered":"<p>IMI\u0118 I NAZWISKO WYCHOWAWSTWO \/ FUNKCJA PRZEDMIOT mgr Ma\u0142gorzata Fr\u0105czek dyrektor \u015bwietlica mgr Piotr W\u0119grzyn wicedyrektor, administrator system\u00f3w informatycznych, &nbsp;administrator strony internetowej i medi\u00f3w spo\u0142eczno\u015bciowych, administrator e-dziennika &nbsp;informatyka, technika, edukacja informatyczna mgr Magdalena Belczyk &nbsp;koordynator ds. kszta\u0142cenia specjalnego, opiekun SU, redaktor medi\u00f3w spo\u0142eczno\u015bciowych nauczyciel wsp\u00f3\u0142organizuj\u0105cy kszta\u0142cenie mgr Ewa Bieszczad przewodnicz\u0105ca WDN &#8211; blok edukacji j\u0119zyk\u00f3w [&hellip;]<\/p>\n","protected":false},"author":7,"featured_media":0,"parent":0,"menu_order":0,"comment_status":"open","ping_status":"open","template":"","meta":{"ngg_post_thumbnail":0,"footnotes":""},"class_list":["post-25","page","type-page","status-publish","hentry"],"_links":{"self":[{"href":"https:\/\/zsswierzowa.pl\/index.php?rest_route=\/wp\/v2\/pages\/25","targetHints":{"allow":["GET"]}}],"collection":[{"href":"https:\/\/zsswierzowa.pl\/index.php?rest_route=\/wp\/v2\/pages"}],"about":[{"href":"https:\/\/zsswierzowa.pl\/index.php?rest_route=\/wp\/v2\/types\/page"}],"author":[{"embeddable":true,"href":"https:\/\/zsswierzowa.pl\/index.php?rest_route=\/wp\/v2\/users\/7"}],"replies":[{"embeddable":true,"href":"https:\/\/zsswierzowa.pl\/index.php?rest_route=%2Fwp%2Fv2%2Fcomments&post=25"}],"version-history":[{"count":138,"href":"https:\/\/zsswierzowa.pl\/index.php?rest_route=\/wp\/v2\/pages\/25\/revisions"}],"predecessor-version":[{"id":57933,"href":"https:\/\/zsswierzowa.pl\/index.php?rest_route=\/wp\/v2\/pages\/25\/revisions\/57933"}],"wp:attachment":[{"href":"https:\/\/zsswierzowa.pl\/index.php?rest_route=%2Fwp%2Fv2%2Fmedia&parent=25"}],"curies":[{"name":"wp","href":"https:\/\/api.w.org\/{rel}","templated":true}]}}