{"id":223,"date":"2014-01-28T07:19:04","date_gmt":"2014-01-28T07:19:04","guid":{"rendered":"http:\/\/zsswierzowa.pl\/?page_id=223"},"modified":"2020-01-02T20:49:28","modified_gmt":"2020-01-02T19:49:28","slug":"historia-przedszkola","status":"publish","type":"page","link":"https:\/\/zsswierzowa.pl\/?page_id=223","title":{"rendered":"Historia przedszkola"},"content":{"rendered":"<p align=\"center\"><span style=\"font-size: medium;\"><b>Historia Przedszkola<\/b><\/span><\/p>\n<p style=\"text-align: justify;\">Pa\u0144stwowe Przedszkole w \u015awierzowej Polskiej za\u0142o\u017cone zosta\u0142o w 1960 r. z siedzib\u0105w budynku Szko\u0142y Podstawowej. W pierwszych latach swojej dzia\u0142alno\u015bci w ca\u0142o\u015bci utrzymywane by\u0142o przez rodzic\u00f3w dzieci ucz\u0119szczaj\u0105cych do przedszkola. Pocz\u0105tkowo przedszkole czynne by\u0142o 5 godzin dziennie z wydawanym 1 posi\u0142kiem gor\u0105cym, p\u00f3\u017aniej prac\u0119 przedszkola przed\u0142u\u017cono do 9 godzin dziennie. Do 2005 roku przedszkole funkcjonowa\u0142o jako plac\u00f3wka jednooddzia\u0142owa typu wiejskiego. W zwi\u0105zku z potrzeb\u0105 \u015brodowiska na zwi\u0119kszenie w przedszkolu miejsc dla dzieci, we wrze\u015bniu 2005 roku powstaje dodatkowo drugi oddzia\u0142. W latach 2004-2005 nast\u0105pi\u0142a zmiana lokalizacji przedszkola (inna cz\u0119\u015b\u0107 szko\u0142y), co wp\u0142yn\u0119\u0142o znacz\u0105co na polepszenie bazy materia\u0142owej: nowe estetyczne sale, estetyczne sanitariaty, nowe okna, meble kuchenne, meble w salach przedszkolnych, szatni, stoliki, krzese\u0142ka, pod\u0142ogi, wyk\u0142adziny.<br \/>\nW zwi\u0105zku z utworzeniem Zespo\u0142u Szk\u00f3\u0142 w \u015awierzowej Polskiej w 2005 roku Przedszkole wesz\u0142o w sk\u0142ad tego Zespo\u0142u. W latach 2009-2011 dzieci w naszym przedszkolu obj\u0119te by\u0142y programem finansowanym ze \u015brodk\u00f3w unijnych \u201ePrzedszkolaki na lepszy START\u201d. W ramach tego projektu dzieci uczestniczy\u0142y w bezp\u0142atnych zaj\u0119ciach<br \/>\nz j\u0119zyka angielskiego, gimnastyki korekcyjnej, logorytmiki oraz pomocy logopedycznej. W listopadzie 2013 r. zosta\u0142 utworzony trzeci oddzia\u0142 przedszkolny \u201eFantastyczny \u015awiat Przedszkolak\u00f3w\u201d. Dzieci bior\u0105 udzia\u0142 w zaj\u0119ciach dodatkowych: logorytmika, plastyka, gimnastyka og\u00f3lnorozwojowa, zaj\u0119cia kszta\u0142tuj\u0105ce umiej\u0119tno\u015bci spo\u0142eczne, aktywizuj\u0105ce, teatralne, muzyczno-artystyczne. Wszystkie zaj\u0119cia s\u0105 fundowane ze \u015brodk\u00f3w unijnych.<br \/>\nW roku szkolnym 2013\/2014 zosta\u0142 utworzony trzeci odzia\u0142 przedszkolny finansowany ze \u015brodk\u00f3w Unii Europejskiej pt. &#8222;Fantastyczny \u015awiat Przedszkolaka&#8221;.<\/p>\n","protected":false},"excerpt":{"rendered":"<p>Historia Przedszkola Pa\u0144stwowe Przedszkole w \u015awierzowej Polskiej za\u0142o\u017cone zosta\u0142o w 1960 r. z siedzib\u0105w budynku Szko\u0142y Podstawowej. W pierwszych latach swojej dzia\u0142alno\u015bci w ca\u0142o\u015bci utrzymywane by\u0142o przez rodzic\u00f3w dzieci ucz\u0119szczaj\u0105cych do przedszkola. Pocz\u0105tkowo przedszkole czynne by\u0142o 5 godzin dziennie z wydawanym 1 posi\u0142kiem gor\u0105cym, p\u00f3\u017aniej prac\u0119 przedszkola przed\u0142u\u017cono do 9 godzin dziennie. Do 2005 roku [&hellip;]<\/p>\n","protected":false},"author":7,"featured_media":0,"parent":0,"menu_order":0,"comment_status":"open","ping_status":"open","template":"","meta":{"ngg_post_thumbnail":0,"footnotes":""},"class_list":["post-223","page","type-page","status-publish","hentry"],"_links":{"self":[{"href":"https:\/\/zsswierzowa.pl\/index.php?rest_route=\/wp\/v2\/pages\/223","targetHints":{"allow":["GET"]}}],"collection":[{"href":"https:\/\/zsswierzowa.pl\/index.php?rest_route=\/wp\/v2\/pages"}],"about":[{"href":"https:\/\/zsswierzowa.pl\/index.php?rest_route=\/wp\/v2\/types\/page"}],"author":[{"embeddable":true,"href":"https:\/\/zsswierzowa.pl\/index.php?rest_route=\/wp\/v2\/users\/7"}],"replies":[{"embeddable":true,"href":"https:\/\/zsswierzowa.pl\/index.php?rest_route=%2Fwp%2Fv2%2Fcomments&post=223"}],"version-history":[{"count":11,"href":"https:\/\/zsswierzowa.pl\/index.php?rest_route=\/wp\/v2\/pages\/223\/revisions"}],"predecessor-version":[{"id":30742,"href":"https:\/\/zsswierzowa.pl\/index.php?rest_route=\/wp\/v2\/pages\/223\/revisions\/30742"}],"wp:attachment":[{"href":"https:\/\/zsswierzowa.pl\/index.php?rest_route=%2Fwp%2Fv2%2Fmedia&parent=223"}],"curies":[{"name":"wp","href":"https:\/\/api.w.org\/{rel}","templated":true}]}}