{"id":18,"date":"2013-12-30T07:13:51","date_gmt":"2013-12-30T07:13:51","guid":{"rendered":"http:\/\/zsswierzowa.pl\/?page_id=18"},"modified":"2022-04-06T14:33:29","modified_gmt":"2022-04-06T12:33:29","slug":"o-szkole","status":"publish","type":"page","link":"https:\/\/zsswierzowa.pl\/?page_id=18","title":{"rendered":"O szkole"},"content":{"rendered":"<p align=\"center\"><b>LOKALIZACJA SZKO\u0141Y<\/b><\/p>\n<p>Szko\u0142a Podstawowa im. Ignacego \u0141ukasiewicza w \u015awierzowej Polskiej wchodzi w sk\u0142ad Zespo\u0142u Szk\u00f3\u0142 w \u015awierzowej Polskiej i mie\u015bci si\u0119 w budynku B przy ulicy Szkolnej 31. Ucz\u0105 si\u0119 w niej uczniowie klas O-VIII.<\/p>\n<p align=\"center\"><b>CZAS TRWANIA ZAJ\u0118\u0106<\/b><\/p>\n<p>Uczymy si\u0119 w systemie jednozmianowym. Lekcje rozpoczynaj\u0105 si\u0119 o godzinie 8:00 i trwaj\u0105 do 15:00. Zaj\u0119cia \u015bwietlicowe trwaj\u0105 w godzinach 11.25-15.30.<\/p>\n<p style=\"text-align: center;\"><b>BAZA SZKO\u0141Y<\/b><\/p>\n<p>Posiadamy wiele przestrzennych sal, dobrze wyposa\u017conych w pomoce naukowe i sprz\u0119t audio \u2013 video, pracowni\u0119 komputerow\u0105, sklepik uczniowski, sto\u0142\u00f3wk\u0119, \u015bwietlic\u0119 oraz bibliotek\u0119 z bogatym ksi\u0119gozbiorem.<\/p>\n<p>Uczniowie obj\u0119ci s\u0105 programami:<\/p>\n<ul>\n<li>\u201eSzklanka Mleka\u201d klasy I-V<\/li>\n<li>\n<div style=\"text-align: left;\">\u201eOwoce w szkole\u201d klasy I-V<\/div>\n<\/li>\n<\/ul>\n<p>Ponadto uczniowie korzystaj\u0105 z obiad\u00f3w jedno lub dwudaniowych w sto\u0142\u00f3wce szkolnej.<\/p>\n<p align=\"center\"><b>WSP\u00d3\u0141PRACA Z INSTYTUCJAMI ZEWN\u0118TRZNYMI<\/b><\/p>\n<p>&nbsp;&nbsp;&nbsp;&nbsp;&nbsp;&nbsp;&nbsp;&nbsp; Nasza plac\u00f3wka wsp\u00f3\u0142pracuje z:<\/p>\n<ul>\n<li>Gminnym Centrum Kultury, Czytelnictwa i Sportu w Chork\u00f3wce,<\/li>\n<li>Ko\u0142em Gospody\u0144 Wiejskich w \u015awierzowej Polskiej,<\/li>\n<li>Stra\u017c\u0105 Po\u017carn\u0105 w \u015awierzowej Polskiej,<\/li>\n<li>Pa\u0144stwow\u0105 Stra\u017c\u0105 Po\u017carn\u0105 w Kro\u015bnie<\/li>\n<li>Komend\u0105 Miejsk\u0105 Policji w Kro\u015bnie,<\/li>\n<li>O\u015brodkiem Szkolno Wychowawczym im. M. Grzegorzewskiej w Kro\u015bnie.<\/li>\n<li>PTTK odzia\u0142 w Kro\u015bnie.<\/li>\n<\/ul>\n","protected":false},"excerpt":{"rendered":"<p>LOKALIZACJA SZKO\u0141Y Szko\u0142a Podstawowa im. Ignacego \u0141ukasiewicza w \u015awierzowej Polskiej wchodzi w sk\u0142ad Zespo\u0142u Szk\u00f3\u0142 w \u015awierzowej Polskiej i mie\u015bci si\u0119 w budynku B przy ulicy Szkolnej 31. Ucz\u0105 si\u0119 w niej uczniowie klas O-VIII. CZAS TRWANIA ZAJ\u0118\u0106 Uczymy si\u0119 w systemie jednozmianowym. Lekcje rozpoczynaj\u0105 si\u0119 o godzinie 8:00 i trwaj\u0105 do 15:00. Zaj\u0119cia \u015bwietlicowe [&hellip;]<\/p>\n","protected":false},"author":7,"featured_media":0,"parent":0,"menu_order":0,"comment_status":"open","ping_status":"open","template":"","meta":{"ngg_post_thumbnail":0,"footnotes":""},"class_list":["post-18","page","type-page","status-publish","hentry"],"_links":{"self":[{"href":"https:\/\/zsswierzowa.pl\/index.php?rest_route=\/wp\/v2\/pages\/18","targetHints":{"allow":["GET"]}}],"collection":[{"href":"https:\/\/zsswierzowa.pl\/index.php?rest_route=\/wp\/v2\/pages"}],"about":[{"href":"https:\/\/zsswierzowa.pl\/index.php?rest_route=\/wp\/v2\/types\/page"}],"author":[{"embeddable":true,"href":"https:\/\/zsswierzowa.pl\/index.php?rest_route=\/wp\/v2\/users\/7"}],"replies":[{"embeddable":true,"href":"https:\/\/zsswierzowa.pl\/index.php?rest_route=%2Fwp%2Fv2%2Fcomments&post=18"}],"version-history":[{"count":18,"href":"https:\/\/zsswierzowa.pl\/index.php?rest_route=\/wp\/v2\/pages\/18\/revisions"}],"predecessor-version":[{"id":39455,"href":"https:\/\/zsswierzowa.pl\/index.php?rest_route=\/wp\/v2\/pages\/18\/revisions\/39455"}],"wp:attachment":[{"href":"https:\/\/zsswierzowa.pl\/index.php?rest_route=%2Fwp%2Fv2%2Fmedia&parent=18"}],"curies":[{"name":"wp","href":"https:\/\/api.w.org\/{rel}","templated":true}]}}