{"id":14,"date":"2013-12-12T10:19:09","date_gmt":"2013-12-12T10:19:09","guid":{"rendered":"http:\/\/zsswierzowa.pl\/?page_id=14"},"modified":"2025-01-02T11:34:20","modified_gmt":"2025-01-02T10:34:20","slug":"strona-glowna","status":"publish","type":"page","link":"https:\/\/zsswierzowa.pl\/?page_id=14","title":{"rendered":"Strona g\u0142\u00f3wna"},"content":{"rendered":"<p align=\"center\"><img loading=\"lazy\" decoding=\"async\" class=\"wp-image-41328 aligncenter\" src=\"https:\/\/zsswierzowa.pl\/wp-content\/uploads\/2013\/12\/wersja_1200x670-1.jpg\" alt=\"wersja_1200x670\" width=\"736\" height=\"405\" srcset=\"https:\/\/zsswierzowa.pl\/wp-content\/uploads\/2013\/12\/wersja_1200x670-1.jpg 1200w, https:\/\/zsswierzowa.pl\/wp-content\/uploads\/2013\/12\/wersja_1200x670-1-300x165.jpg 300w, https:\/\/zsswierzowa.pl\/wp-content\/uploads\/2013\/12\/wersja_1200x670-1-768x422.jpg 768w, https:\/\/zsswierzowa.pl\/wp-content\/uploads\/2013\/12\/wersja_1200x670-1-1024x563.jpg 1024w\" sizes=\"auto, (max-width: 736px) 100vw, 736px\" \/><span style=\"font-size: large;\">Zesp\u00f3\u0142 Szk\u00f3\u0142 w \u015awierzowej Polskiej<\/span><br><span style=\"font-size: large;\"> ul. Szkolna 31<\/span><br><span style=\"font-size: large;\"> 38-457 Zr\u0119cin<\/span><br><span style=\"font-size: large;\">tel.\/fax 13 42 205 73<br>e-mail: sekretariat@zsswierzowa.pl<br>e-dor\u0119czenia: AE:PL-23082-97143-CIIGS-32<strong><br><\/strong><\/span><\/p>\n<p style=\"text-align: justify;\" align=\"center\">&#8222;Dyrektor Zespo\u0142u Szk\u00f3\u0142 w \u015awierzowej Polskiej informuje, \u017ce w Szkole oraz w jej obszarach funkcjonuje monitoring. Celem monitoringu jest zapewnienie bezpiecze\u0144stwa uczni\u00f3w, pracownik\u00f3w oraz ochrony mienia Szko\u0142y. Obszar obj\u0119ty nadzorem w postaci monitoringu jest oznaczony poprzez tabliczki z piktogramami kamery, s\u0105 to korytarze, szatnie oraz wej\u015bcia do budynku Szko\u0142y. Podstaw\u0105 prawn\u0105 jest art. 108a ustawy z dnia 14 grudnia 2016&nbsp; r. Prawa o\u015bwiatowego. Z klauzul\u0105 informacyjn\u0105 dotycz\u0105c\u0105 przetwarzania danych osobowych oraz klauzul\u0105 dotycz\u0105c\u0105 praw os\u00f3b, kt\u00f3rych wizerunek zosta\u0142 rejestrowany jak r\u00f3wnie\u017c z informacj\u0105 dotycz\u0105c\u0105 przetwarzania danych osobowych dzieci, rodzic\u00f3w i opiekun\u00f3w prawnych mo\u017cna zapozna\u0107 si\u0119 w siedzibie Szko\u0142y oraz klikaj\u0105c na poni\u017cszy link RODO&#8221;:<\/p>\n<p style=\"text-align: center;\"><a href=\"https:\/\/zsswierzowa.pl\/wp-content\/uploads\/2013\/12\/Klauzule_RODO_ZSSP_2024.pdf\" target=\"_blank\" rel=\"noopener\"><img loading=\"lazy\" decoding=\"async\" class=\"alignnone wp-image-22191 size-full\" src=\"https:\/\/zsswierzowa.pl\/wp-content\/uploads\/2013\/12\/rodo-e1527758488347.jpg\" width=\"250\" height=\"186\"><\/a><\/p>\n<p style=\"text-align: center;\"><a href=\"https:\/\/zsswierzowa.pl\/wp-content\/uploads\/2013\/12\/klauzula-informacyjna-zdalne-nauczanie.pdf\">Klauzula informacyjna &#8211; nauczanie zdalne<br><\/a><a href=\"https:\/\/zsswierzowa.pl\/wp-content\/uploads\/2020\/05\/klauzula-informacyjna-Covid-19.pdf\" target=\"_blank\" rel=\"noopener\">Klauzula informacyjna &#8211; COVID-19<\/a><\/p>\n<p style=\"text-align: center;\"><a href=\"http:\/\/www.sieciaki.pl\/sieciomisja\/zasady-bezpieczenstwa\" target=\"_blank\" rel=\"noopener\"><img loading=\"lazy\" decoding=\"async\" class=\"aligncenter wp-image-9103\" src=\"https:\/\/zsswierzowa.pl\/wp-content\/uploads\/2015\/12\/sieciaki_logo-e1527758513355.png\" alt=\"sieciaki_logo\" width=\"250\" height=\"93\"><\/a><\/p>\n<table class=\" aligncenter\" style=\"width: 100%; border-collapse: collapse; border-style: none;\" border=\"0\">\n<tbody>\n<tr>\n<td style=\"width: 25%;\"><a href=\"http:\/\/www.kups.org.pl\/index\/?id=2ba596643cbbbc20318224181fa46b28\" target=\"_blank\" rel=\"noopener\"><img loading=\"lazy\" decoding=\"async\" class=\"size-full wp-image-96 aligncenter\" src=\"https:\/\/zsswierzowa.pl\/wp-content\/uploads\/2013\/12\/5porcji.jpg\" alt=\"5porcji\" width=\"220\" height=\"150\"><\/a><\/td>\n<td style=\"width: 25%;\"><a href=\"https:\/\/zsswierzowa.pl\/wp-content\/uploads\/2013\/12\/owoce.jpg\" target=\"_blank\" rel=\"noopener\"><img loading=\"lazy\" decoding=\"async\" class=\"wp-image-101 size-full aligncenter\" src=\"https:\/\/zsswierzowa.pl\/wp-content\/uploads\/2013\/12\/owoce.jpg\" alt=\"owoce\" width=\"150\" height=\"197\"><\/a><\/td>\n<td style=\"width: 25%;\"><a href=\"http:\/\/www.mlekozklasa.pl\/#\" target=\"_blank\" rel=\"noopener\"><img loading=\"lazy\" decoding=\"async\" class=\"size-full wp-image-99 aligncenter\" src=\"https:\/\/zsswierzowa.pl\/wp-content\/uploads\/2013\/12\/mleko.jpg\" alt=\"mleko\" width=\"222\" height=\"148\"><\/a><\/td>\n<td style=\"width: 25%;\"><a href=\"https:\/\/www.msit.gov.pl\/pl\/aktualnosci\/6609,Projekt-powszechnej-nauki-plywania-Umiem-Plywac.html\"><img loading=\"lazy\" decoding=\"async\" class=\"wp-image-38963 aligncenter\" src=\"https:\/\/zsswierzowa.pl\/wp-content\/uploads\/2013\/12\/umi\u0119-p\u0142ywa\u0107-program.png\" alt=\"umi\u0119 p\u0142ywa\u0107 program\" width=\"183\" height=\"137\"><\/a><\/td>\n<\/tr>\n<tr>\n<td style=\"width: 25%;\"><a href=\"https:\/\/zsswierzowa.pl\/wp-content\/uploads\/2013\/12\/pol.jpg\"><img loading=\"lazy\" decoding=\"async\" class=\"size-medium wp-image-102 aligncenter\" src=\"https:\/\/zsswierzowa.pl\/wp-content\/uploads\/2013\/12\/pol-300x218.jpg\" alt=\"pol\" width=\"218\" height=\"158\" srcset=\"https:\/\/zsswierzowa.pl\/wp-content\/uploads\/2013\/12\/pol-300x218.jpg 300w, https:\/\/zsswierzowa.pl\/wp-content\/uploads\/2013\/12\/pol.jpg 816w\" sizes=\"auto, (max-width: 218px) 100vw, 218px\" \/><\/a><\/td>\n<td style=\"width: 25%;\"><a href=\"https:\/\/zsswierzowa.pl\/wp-content\/uploads\/2013\/12\/certyfikat.jpg\"><img loading=\"lazy\" decoding=\"async\" class=\"wp-image-38924 alignnone\" src=\"https:\/\/zsswierzowa.pl\/wp-content\/uploads\/2013\/12\/certyfikat-300x218.jpg\" alt=\"certyfikat\" width=\"219\" height=\"159\" srcset=\"https:\/\/zsswierzowa.pl\/wp-content\/uploads\/2013\/12\/certyfikat-300x218.jpg 300w, https:\/\/zsswierzowa.pl\/wp-content\/uploads\/2013\/12\/certyfikat-768x559.jpg 768w, https:\/\/zsswierzowa.pl\/wp-content\/uploads\/2013\/12\/certyfikat.jpg 877w\" sizes=\"auto, (max-width: 219px) 100vw, 219px\" \/><\/a><\/td>\n<td style=\"width: 25%;\"><a href=\"https:\/\/zsswierzowa.pl\/wp-content\/uploads\/2013\/12\/bezp.jpg\"><img loading=\"lazy\" decoding=\"async\" class=\"size-medium wp-image-97 aligncenter\" src=\"https:\/\/zsswierzowa.pl\/wp-content\/uploads\/2013\/12\/bezp-300x210.jpg\" alt=\"bezp\" width=\"226\" height=\"158\" srcset=\"https:\/\/zsswierzowa.pl\/wp-content\/uploads\/2013\/12\/bezp-300x210.jpg 300w, https:\/\/zsswierzowa.pl\/wp-content\/uploads\/2013\/12\/bezp.jpg 874w\" sizes=\"auto, (max-width: 226px) 100vw, 226px\" \/><\/a><\/td>\n<td style=\"width: 25%;\"><a href=\"https:\/\/www.bycjakignacy.pl\/ \"><img loading=\"lazy\" decoding=\"async\" class=\"wp-image-38962 aligncenter\" src=\"https:\/\/zsswierzowa.pl\/wp-content\/uploads\/2013\/12\/by\u0107_jak-_Ignacy.png\" alt=\"by\u0107_jak _Ignacy\" width=\"215\" height=\"127\"><\/a><\/td>\n<\/tr>\n<tr>\n<td style=\"width: 25%;\"><a href=\"https:\/\/zsswierzowa.pl\/wp-content\/uploads\/2013\/12\/eko.jpg\"><img loading=\"lazy\" decoding=\"async\" class=\"wp-image-98 size-medium alignnone\" src=\"https:\/\/zsswierzowa.pl\/wp-content\/uploads\/2013\/12\/eko-206x300.jpg\" alt=\"eko\" width=\"206\" height=\"300\" srcset=\"https:\/\/zsswierzowa.pl\/wp-content\/uploads\/2013\/12\/eko-206x300.jpg 206w, https:\/\/zsswierzowa.pl\/wp-content\/uploads\/2013\/12\/eko-706x1024.jpg 706w, https:\/\/zsswierzowa.pl\/wp-content\/uploads\/2013\/12\/eko.jpg 712w\" sizes=\"auto, (max-width: 206px) 100vw, 206px\" \/><\/a><\/td>\n<td style=\"width: 25%;\">\n<div class=\"wp-block-image\"><a href=\"https:\/\/zsswierzowa.pl\/wp-content\/uploads\/2024\/11\/certyfikat_Kubusiowy-przyjaciel-natury.jpg\" target=\"_blank\" rel=\"noopener\"><img loading=\"lazy\" decoding=\"async\" class=\"wpa-warning wpa-image-missing-alt alignnone wp-image-51850 size-medium\" src=\"https:\/\/zsswierzowa.pl\/wp-content\/uploads\/2024\/11\/certyfikat_Kubusiowy-przyjaciel-natury-212x300.jpg\" alt=\"\" width=\"212\" height=\"300\" data-warning=\"Missing alt text\" srcset=\"https:\/\/zsswierzowa.pl\/wp-content\/uploads\/2024\/11\/certyfikat_Kubusiowy-przyjaciel-natury-212x300.jpg 212w, https:\/\/zsswierzowa.pl\/wp-content\/uploads\/2024\/11\/certyfikat_Kubusiowy-przyjaciel-natury.jpg 724w\" sizes=\"auto, (max-width: 212px) 100vw, 212px\" \/><\/a><\/div>\n<\/td>\n<td style=\"width: 25%;\">\n<div class=\"wp-block-image\"><a href=\"https:\/\/zsswierzowa.pl\/wp-content\/uploads\/2024\/11\/certyfikat-AB-Puchatka.jpg\" target=\"_blank\" rel=\"noopener\"><img loading=\"lazy\" decoding=\"async\" class=\"wpa-warning wpa-image-missing-alt alignnone wp-image-51849 size-medium\" src=\"https:\/\/zsswierzowa.pl\/wp-content\/uploads\/2024\/11\/certyfikat-AB-Puchatka-212x300.jpg\" alt=\"\" width=\"212\" height=\"300\" data-warning=\"Missing alt text\" srcset=\"https:\/\/zsswierzowa.pl\/wp-content\/uploads\/2024\/11\/certyfikat-AB-Puchatka-212x300.jpg 212w, https:\/\/zsswierzowa.pl\/wp-content\/uploads\/2024\/11\/certyfikat-AB-Puchatka.jpg 724w\" sizes=\"auto, (max-width: 212px) 100vw, 212px\" \/><\/a><\/div>\n<\/td>\n<td style=\"width: 25%;\">&nbsp;<\/td>\n<\/tr>\n<\/tbody>\n<\/table>\n<p style=\"text-align: center;\">&nbsp;<\/p>\n<p style=\"text-align: center;\">&nbsp; <a href=\"http:\/\/www.men.gov.pl\/\" target=\"_blank\" rel=\"noopener\"><img loading=\"lazy\" decoding=\"async\" class=\"alignnone wp-image-230\" src=\"https:\/\/zsswierzowa.pl\/wp-content\/uploads\/2013\/12\/logo_men.png\" alt=\"logo_men\" width=\"176\" height=\"53\" srcset=\"https:\/\/zsswierzowa.pl\/wp-content\/uploads\/2013\/12\/logo_men.png 365w, https:\/\/zsswierzowa.pl\/wp-content\/uploads\/2013\/12\/logo_men-300x90.png 300w\" sizes=\"auto, (max-width: 176px) 100vw, 176px\" \/><\/a> <a href=\"https:\/\/ugchorkowka.bip.gov.pl\/zespoly-szkol\/zespol-szkol-w-swierzowej-polskiej.html\" target=\"_blank\" rel=\"noopener\"><img loading=\"lazy\" decoding=\"async\" class=\"alignnone wp-image-232 size-full\" src=\"https:\/\/zsswierzowa.pl\/wp-content\/uploads\/2013\/12\/images.jpg\" alt=\"images\" width=\"156\" height=\"50\" srcset=\"https:\/\/zsswierzowa.pl\/wp-content\/uploads\/2013\/12\/images.jpg 395w, https:\/\/zsswierzowa.pl\/wp-content\/uploads\/2013\/12\/images-300x97.jpg 300w\" sizes=\"auto, (max-width: 156px) 100vw, 156px\" \/><img loading=\"lazy\" decoding=\"async\" class=\"alignnone wp-image-31479\" src=\"https:\/\/zsswierzowa.pl\/wp-content\/uploads\/2013\/12\/logo_bip_m.jpg\" alt=\"logo_bip_m\" width=\"140\" height=\"50\"><\/a><\/p>\n\n","protected":false},"excerpt":{"rendered":"<p>Zesp\u00f3\u0142 Szk\u00f3\u0142 w \u015awierzowej Polskiej ul. Szkolna 31 38-457 Zr\u0119cintel.\/fax 13 42 205 73e-mail: sekretariat@zsswierzowa.ple-dor\u0119czenia: AE:PL-23082-97143-CIIGS-32 &#8222;Dyrektor Zespo\u0142u Szk\u00f3\u0142 w \u015awierzowej Polskiej informuje, \u017ce w Szkole oraz w jej obszarach funkcjonuje monitoring. Celem monitoringu jest zapewnienie bezpiecze\u0144stwa uczni\u00f3w, pracownik\u00f3w oraz ochrony mienia Szko\u0142y. Obszar obj\u0119ty nadzorem w postaci monitoringu jest oznaczony poprzez tabliczki z piktogramami [&hellip;]<\/p>\n","protected":false},"author":7,"featured_media":0,"parent":0,"menu_order":0,"comment_status":"open","ping_status":"open","template":"","meta":{"ngg_post_thumbnail":0,"footnotes":""},"class_list":["post-14","page","type-page","status-publish","hentry"],"_links":{"self":[{"href":"https:\/\/zsswierzowa.pl\/index.php?rest_route=\/wp\/v2\/pages\/14","targetHints":{"allow":["GET"]}}],"collection":[{"href":"https:\/\/zsswierzowa.pl\/index.php?rest_route=\/wp\/v2\/pages"}],"about":[{"href":"https:\/\/zsswierzowa.pl\/index.php?rest_route=\/wp\/v2\/types\/page"}],"author":[{"embeddable":true,"href":"https:\/\/zsswierzowa.pl\/index.php?rest_route=\/wp\/v2\/users\/7"}],"replies":[{"embeddable":true,"href":"https:\/\/zsswierzowa.pl\/index.php?rest_route=%2Fwp%2Fv2%2Fcomments&post=14"}],"version-history":[{"count":127,"href":"https:\/\/zsswierzowa.pl\/index.php?rest_route=\/wp\/v2\/pages\/14\/revisions"}],"predecessor-version":[{"id":52564,"href":"https:\/\/zsswierzowa.pl\/index.php?rest_route=\/wp\/v2\/pages\/14\/revisions\/52564"}],"wp:attachment":[{"href":"https:\/\/zsswierzowa.pl\/index.php?rest_route=%2Fwp%2Fv2%2Fmedia&parent=14"}],"curies":[{"name":"wp","href":"https:\/\/api.w.org\/{rel}","templated":true}]}}